{"id":247977,"date":"2024-09-29T08:00:09","date_gmt":"2024-09-29T08:00:09","guid":{"rendered":"https:\/\/irankiuzona.lt\/product\/pneumatine-slifavimo-masinele-apvaliu-padu-150mm-hogert-ht4r651\/"},"modified":"2026-04-12T08:12:33","modified_gmt":"2026-04-12T08:12:33","slug":"pneumatine-slifavimo-masinele-apvaliu-padu-150mm-hogert-ht4r651","status":"publish","type":"product","link":"https:\/\/irankiuzona.lt\/ru\/product\/pneumatine-slifavimo-masinele-apvaliu-padu-150mm-hogert-ht4r651\/","title":{"rendered":"Pneumatin\u0117 \u0161lifavimo ma\u0161in\u0117l\u0117, apvaliu padu 150mm, HOGERT HT4R651"},"content":{"rendered":"<p>\u00f8 150mmOro sunaudojimas: 113 l\/minMax. 0.62 MPa \/ 90 PSI<\/p>","protected":false},"excerpt":{"rendered":"<p>Pneumatin\u0117 \u0161lifavimo ma\u0161in\u0117l\u0117, apvaliu padu \u00f8\u00a0150mm<\/p>","protected":false},"featured_media":247979,"comment_status":"open","ping_status":"open","template":"","meta":[],"product_cat":[9676],"product_tag":[9969],"class_list":{"0":"post-247977","1":"product","2":"type-product","3":"status-publish","4":"has-post-thumbnail","6":"product_brand-hogert-technik-vokietija","7":"product_cat-pneumatiniai-slifuokliai-ju-priedai","8":"product_tag-hogert-technik-vokietija","10":"first","11":"instock","12":"purchasable","13":"product-type-simple"},"jetpack_sharing_enabled":true,"_links":{"self":[{"href":"https:\/\/irankiuzona.lt\/ru\/wp-json\/wp\/v2\/product\/247977","targetHints":{"allow":["GET"]}}],"collection":[{"href":"https:\/\/irankiuzona.lt\/ru\/wp-json\/wp\/v2\/product"}],"about":[{"href":"https:\/\/irankiuzona.lt\/ru\/wp-json\/wp\/v2\/types\/product"}],"replies":[{"embeddable":true,"href":"https:\/\/irankiuzona.lt\/ru\/wp-json\/wp\/v2\/comments?post=247977"}],"version-history":[{"count":1,"href":"https:\/\/irankiuzona.lt\/ru\/wp-json\/wp\/v2\/product\/247977\/revisions"}],"predecessor-version":[{"id":417263,"href":"https:\/\/irankiuzona.lt\/ru\/wp-json\/wp\/v2\/product\/247977\/revisions\/417263"}],"wp:featuredmedia":[{"embeddable":true,"href":"https:\/\/irankiuzona.lt\/ru\/wp-json\/wp\/v2\/media\/247979"}],"wp:attachment":[{"href":"https:\/\/irankiuzona.lt\/ru\/wp-json\/wp\/v2\/media?parent=247977"}],"wp:term":[{"taxonomy":"product_cat","embeddable":true,"href":"https:\/\/irankiuzona.lt\/ru\/wp-json\/wp\/v2\/product_cat?post=247977"},{"taxonomy":"product_tag","embeddable":true,"href":"https:\/\/irankiuzona.lt\/ru\/wp-json\/wp\/v2\/product_tag?post=247977"}],"curies":[{"name":"wp","href":"https:\/\/api.w.org\/{rel}","templated":true}]}}