{"id":247983,"date":"2024-09-29T08:00:09","date_gmt":"2024-09-29T08:00:09","guid":{"rendered":"https:\/\/irankiuzona.lt\/product\/irankiu-deklas-segamas-prie-dirzo\/"},"modified":"2026-05-15T18:12:26","modified_gmt":"2026-05-15T18:12:26","slug":"irankiu-deklas-segamas-prie-dirzo","status":"publish","type":"product","link":"https:\/\/irankiuzona.lt\/ru\/product\/irankiu-deklas-segamas-prie-dirzo\/","title":{"rendered":"\u012eranki\u0173 d\u0117klas segamas prie dir\u017eo"},"content":{"rendered":"<p>Characteristics:<\/p>\n<p>Made of extruded Oxford 600D material;<br \/>\nAvailable in 7 practical areas:<br \/>\n&#8211; 1 main heavy chamber in the upper part<br \/>\n&#8211; 2 springs in the middle section<br \/>\n&#8211; 4 compartments in the lower part;<br \/>\nHung in any place on a belt;<br \/>\nCan be taped on both sides of the tape, for legal and manual persons;<br \/>\nIdeal for hand tools, guinea fowls, belts;<br \/>\nPacked in 2 pieces.<\/p>","protected":false},"excerpt":{"rendered":"<p>\u012eranki\u0173 d\u0117klas segamas prie dir\u017eo<\/p>","protected":false},"featured_media":247985,"comment_status":"open","ping_status":"open","template":"","meta":[],"product_cat":[9831],"product_tag":[9969],"class_list":{"0":"post-247983","1":"product","2":"type-product","3":"status-publish","4":"has-post-thumbnail","6":"product_brand-hogert-technik-vokietija","7":"product_cat-irankiu-dezes-krepsiai-kuprines-dirzai","8":"product_tag-hogert-technik-vokietija","10":"first","11":"instock","12":"purchasable","13":"product-type-simple"},"jetpack_sharing_enabled":true,"_links":{"self":[{"href":"https:\/\/irankiuzona.lt\/ru\/wp-json\/wp\/v2\/product\/247983","targetHints":{"allow":["GET"]}}],"collection":[{"href":"https:\/\/irankiuzona.lt\/ru\/wp-json\/wp\/v2\/product"}],"about":[{"href":"https:\/\/irankiuzona.lt\/ru\/wp-json\/wp\/v2\/types\/product"}],"replies":[{"embeddable":true,"href":"https:\/\/irankiuzona.lt\/ru\/wp-json\/wp\/v2\/comments?post=247983"}],"version-history":[{"count":1,"href":"https:\/\/irankiuzona.lt\/ru\/wp-json\/wp\/v2\/product\/247983\/revisions"}],"predecessor-version":[{"id":417265,"href":"https:\/\/irankiuzona.lt\/ru\/wp-json\/wp\/v2\/product\/247983\/revisions\/417265"}],"wp:featuredmedia":[{"embeddable":true,"href":"https:\/\/irankiuzona.lt\/ru\/wp-json\/wp\/v2\/media\/247985"}],"wp:attachment":[{"href":"https:\/\/irankiuzona.lt\/ru\/wp-json\/wp\/v2\/media?parent=247983"}],"wp:term":[{"taxonomy":"product_cat","embeddable":true,"href":"https:\/\/irankiuzona.lt\/ru\/wp-json\/wp\/v2\/product_cat?post=247983"},{"taxonomy":"product_tag","embeddable":true,"href":"https:\/\/irankiuzona.lt\/ru\/wp-json\/wp\/v2\/product_tag?post=247983"}],"curies":[{"name":"wp","href":"https:\/\/api.w.org\/{rel}","templated":true}]}}