{"id":248007,"date":"2024-09-29T08:00:12","date_gmt":"2024-09-29T08:00:12","guid":{"rendered":"https:\/\/irankiuzona.lt\/product\/galvuciu-rinkinys-sugadintiems-varztams-6-12-mm-6-3-mm-1-4-5-vnt\/"},"modified":"2026-04-10T08:10:01","modified_gmt":"2026-04-10T08:10:01","slug":"galvuciu-rinkinys-sugadintiems-varztams-6-12-mm-6-3-mm-1-4-5-vnt","status":"publish","type":"product","link":"https:\/\/irankiuzona.lt\/ru\/product\/galvuciu-rinkinys-sugadintiems-varztams-6-12-mm-6-3-mm-1-4-5-vnt\/","title":{"rendered":"Galvu\u010di\u0173 rinkinys sugadintiems var\u017etams 6- 12 mm 6.3 mm (1\/4&quot;) 5 vnt"},"content":{"rendered":"<p>6, 8, 9, 10, 12mm1\/4&quot; Hex<\/p>","protected":false},"excerpt":{"rendered":"<p>Galvu\u010di\u0173 rinkinys sugadintiems var\u017etams 6- 12 mm hex antgalis 6.3 mm (1\/4&quot;) 5 vnt<\/p>","protected":false},"featured_media":248009,"comment_status":"open","ping_status":"open","template":"","meta":[],"product_cat":[9962],"product_tag":[9435],"class_list":{"0":"post-248007","1":"product","2":"type-product","3":"status-publish","4":"has-post-thumbnail","6":"product_brand-kinija","7":"product_cat-galvutes-sugadintiems-varztams","8":"product_tag-kinija","10":"first","11":"outofstock","12":"purchasable","13":"product-type-simple"},"jetpack_sharing_enabled":true,"_links":{"self":[{"href":"https:\/\/irankiuzona.lt\/ru\/wp-json\/wp\/v2\/product\/248007","targetHints":{"allow":["GET"]}}],"collection":[{"href":"https:\/\/irankiuzona.lt\/ru\/wp-json\/wp\/v2\/product"}],"about":[{"href":"https:\/\/irankiuzona.lt\/ru\/wp-json\/wp\/v2\/types\/product"}],"replies":[{"embeddable":true,"href":"https:\/\/irankiuzona.lt\/ru\/wp-json\/wp\/v2\/comments?post=248007"}],"version-history":[{"count":1,"href":"https:\/\/irankiuzona.lt\/ru\/wp-json\/wp\/v2\/product\/248007\/revisions"}],"predecessor-version":[{"id":417273,"href":"https:\/\/irankiuzona.lt\/ru\/wp-json\/wp\/v2\/product\/248007\/revisions\/417273"}],"wp:featuredmedia":[{"embeddable":true,"href":"https:\/\/irankiuzona.lt\/ru\/wp-json\/wp\/v2\/media\/248009"}],"wp:attachment":[{"href":"https:\/\/irankiuzona.lt\/ru\/wp-json\/wp\/v2\/media?parent=248007"}],"wp:term":[{"taxonomy":"product_cat","embeddable":true,"href":"https:\/\/irankiuzona.lt\/ru\/wp-json\/wp\/v2\/product_cat?post=248007"},{"taxonomy":"product_tag","embeddable":true,"href":"https:\/\/irankiuzona.lt\/ru\/wp-json\/wp\/v2\/product_tag?post=248007"}],"curies":[{"name":"wp","href":"https:\/\/api.w.org\/{rel}","templated":true}]}}