{"id":248013,"date":"2024-09-29T08:00:13","date_gmt":"2024-09-29T08:00:13","guid":{"rendered":"https:\/\/irankiuzona.lt\/product\/galvute-purkstukams-sunkvezimiams-32-mm-mercedes-neoplan-setra\/"},"modified":"2026-04-11T10:42:38","modified_gmt":"2026-04-11T10:42:38","slug":"galvute-purkstukams-sunkvezimiams-32-mm-mercedes-neoplan-setra","status":"publish","type":"product","link":"https:\/\/irankiuzona.lt\/ru\/product\/galvute-purkstukams-sunkvezimiams-32-mm-mercedes-neoplan-setra\/","title":{"rendered":"Galvut\u0117 purk\u0161tukams sunkve\u017eimiams 32 mm Mercedes, Neoplan, Setra"},"content":{"rendered":"<p>Descriptionfor the screw on the nozzle holder4-tooth with internal thread M14 x 1.5 mm32 mm outer hexagon drive, length 70 mmalso as spare part for BGS 67210Technical dataGross weight 190 g<\/p>","protected":false},"excerpt":{"rendered":"<p>Galvut\u0117 purk\u0161tukams sunkve\u017eimiams 32 mm Mercedes, Neoplan, Setra<\/p>","protected":false},"featured_media":248015,"comment_status":"open","ping_status":"open","template":"","meta":[],"product_cat":[9633],"product_tag":[9845],"class_list":{"0":"post-248013","1":"product","2":"type-product","3":"status-publish","4":"has-post-thumbnail","6":"product_brand-vokietija-germany","7":"product_cat-galvutes-purkstukams","8":"product_tag-vokietija-germany","10":"first","11":"outofstock","12":"purchasable","13":"product-type-simple"},"jetpack_sharing_enabled":true,"_links":{"self":[{"href":"https:\/\/irankiuzona.lt\/ru\/wp-json\/wp\/v2\/product\/248013","targetHints":{"allow":["GET"]}}],"collection":[{"href":"https:\/\/irankiuzona.lt\/ru\/wp-json\/wp\/v2\/product"}],"about":[{"href":"https:\/\/irankiuzona.lt\/ru\/wp-json\/wp\/v2\/types\/product"}],"replies":[{"embeddable":true,"href":"https:\/\/irankiuzona.lt\/ru\/wp-json\/wp\/v2\/comments?post=248013"}],"version-history":[{"count":1,"href":"https:\/\/irankiuzona.lt\/ru\/wp-json\/wp\/v2\/product\/248013\/revisions"}],"predecessor-version":[{"id":417275,"href":"https:\/\/irankiuzona.lt\/ru\/wp-json\/wp\/v2\/product\/248013\/revisions\/417275"}],"wp:featuredmedia":[{"embeddable":true,"href":"https:\/\/irankiuzona.lt\/ru\/wp-json\/wp\/v2\/media\/248015"}],"wp:attachment":[{"href":"https:\/\/irankiuzona.lt\/ru\/wp-json\/wp\/v2\/media?parent=248013"}],"wp:term":[{"taxonomy":"product_cat","embeddable":true,"href":"https:\/\/irankiuzona.lt\/ru\/wp-json\/wp\/v2\/product_cat?post=248013"},{"taxonomy":"product_tag","embeddable":true,"href":"https:\/\/irankiuzona.lt\/ru\/wp-json\/wp\/v2\/product_tag?post=248013"}],"curies":[{"name":"wp","href":"https:\/\/api.w.org\/{rel}","templated":true}]}}