{"id":248046,"date":"2024-09-29T08:00:15","date_gmt":"2024-09-29T08:00:15","guid":{"rendered":"https:\/\/irankiuzona.lt\/product\/spec-galvute-1-2-21mm-sugadintiems-varztams-3\/"},"modified":"2026-04-10T13:05:59","modified_gmt":"2026-04-10T13:05:59","slug":"spec-galvute-1-2-21mm-sugadintiems-varztams-3","status":"publish","type":"product","link":"https:\/\/irankiuzona.lt\/ru\/product\/spec-galvute-1-2-21mm-sugadintiems-varztams-3\/","title":{"rendered":"Spec. galvut\u0117 1\/2 21mm \/ sugadintiems var\u017etams"},"content":{"rendered":"<p>Lizdas: 1\/2&quot; (12,5mm)for loosening damaged screws and nutssuitable for impact Screwdriversthe innovative spiral profile digs itself into the head of a damaged screw\/nut and thereby allows to loosen it securely<\/p>","protected":false},"excerpt":{"rendered":"<p>Sraigtin\u0117 galvut\u0117 1\/2 21mm sugadintam-pa\u017eeistam var\u017etui-ver\u017elei<\/p>","protected":false},"featured_media":248048,"comment_status":"open","ping_status":"open","template":"","meta":[],"product_cat":[9783],"product_tag":[9845],"class_list":{"0":"post-248046","1":"product","2":"type-product","3":"status-publish","4":"has-post-thumbnail","6":"product_brand-vokietija-germany","7":"product_cat-galvutes-sugadintiems-varztams-verzlems-po-1vnt","8":"product_tag-vokietija-germany","10":"first","11":"instock","12":"purchasable","13":"product-type-simple"},"jetpack_sharing_enabled":true,"_links":{"self":[{"href":"https:\/\/irankiuzona.lt\/ru\/wp-json\/wp\/v2\/product\/248046","targetHints":{"allow":["GET"]}}],"collection":[{"href":"https:\/\/irankiuzona.lt\/ru\/wp-json\/wp\/v2\/product"}],"about":[{"href":"https:\/\/irankiuzona.lt\/ru\/wp-json\/wp\/v2\/types\/product"}],"replies":[{"embeddable":true,"href":"https:\/\/irankiuzona.lt\/ru\/wp-json\/wp\/v2\/comments?post=248046"}],"version-history":[{"count":1,"href":"https:\/\/irankiuzona.lt\/ru\/wp-json\/wp\/v2\/product\/248046\/revisions"}],"predecessor-version":[{"id":417286,"href":"https:\/\/irankiuzona.lt\/ru\/wp-json\/wp\/v2\/product\/248046\/revisions\/417286"}],"wp:featuredmedia":[{"embeddable":true,"href":"https:\/\/irankiuzona.lt\/ru\/wp-json\/wp\/v2\/media\/248048"}],"wp:attachment":[{"href":"https:\/\/irankiuzona.lt\/ru\/wp-json\/wp\/v2\/media?parent=248046"}],"wp:term":[{"taxonomy":"product_cat","embeddable":true,"href":"https:\/\/irankiuzona.lt\/ru\/wp-json\/wp\/v2\/product_cat?post=248046"},{"taxonomy":"product_tag","embeddable":true,"href":"https:\/\/irankiuzona.lt\/ru\/wp-json\/wp\/v2\/product_tag?post=248046"}],"curies":[{"name":"wp","href":"https:\/\/api.w.org\/{rel}","templated":true}]}}