{"id":248049,"date":"2024-09-29T08:00:16","date_gmt":"2024-09-29T08:00:16","guid":{"rendered":"https:\/\/irankiuzona.lt\/product\/pagalveles-kebulo-lyginimui\/"},"modified":"2026-04-12T14:17:43","modified_gmt":"2026-04-12T14:17:43","slug":"pagalveles-kebulo-lyginimui","status":"publish","type":"product","link":"https:\/\/irankiuzona.lt\/ru\/product\/pagalveles-kebulo-lyginimui\/","title":{"rendered":"Pagalv\u0117l\u0117s k\u0117bulo lyginimui"},"content":{"rendered":"","protected":false},"excerpt":{"rendered":"<p>Pagalv\u0117l\u0117s k\u0117bulo lyginimui<\/p>","protected":false},"featured_media":248051,"comment_status":"open","ping_status":"open","template":"","meta":[],"product_cat":[9556],"product_tag":[9845],"class_list":{"0":"post-248049","1":"product","2":"type-product","3":"status-publish","4":"has-post-thumbnail","6":"product_brand-vokietija-germany","7":"product_cat-irankiai-kebulo-lyginimui","8":"product_tag-vokietija-germany","10":"first","11":"instock","12":"purchasable","13":"product-type-simple"},"jetpack_sharing_enabled":true,"_links":{"self":[{"href":"https:\/\/irankiuzona.lt\/ru\/wp-json\/wp\/v2\/product\/248049","targetHints":{"allow":["GET"]}}],"collection":[{"href":"https:\/\/irankiuzona.lt\/ru\/wp-json\/wp\/v2\/product"}],"about":[{"href":"https:\/\/irankiuzona.lt\/ru\/wp-json\/wp\/v2\/types\/product"}],"replies":[{"embeddable":true,"href":"https:\/\/irankiuzona.lt\/ru\/wp-json\/wp\/v2\/comments?post=248049"}],"version-history":[{"count":1,"href":"https:\/\/irankiuzona.lt\/ru\/wp-json\/wp\/v2\/product\/248049\/revisions"}],"predecessor-version":[{"id":417287,"href":"https:\/\/irankiuzona.lt\/ru\/wp-json\/wp\/v2\/product\/248049\/revisions\/417287"}],"wp:featuredmedia":[{"embeddable":true,"href":"https:\/\/irankiuzona.lt\/ru\/wp-json\/wp\/v2\/media\/248051"}],"wp:attachment":[{"href":"https:\/\/irankiuzona.lt\/ru\/wp-json\/wp\/v2\/media?parent=248049"}],"wp:term":[{"taxonomy":"product_cat","embeddable":true,"href":"https:\/\/irankiuzona.lt\/ru\/wp-json\/wp\/v2\/product_cat?post=248049"},{"taxonomy":"product_tag","embeddable":true,"href":"https:\/\/irankiuzona.lt\/ru\/wp-json\/wp\/v2\/product_tag?post=248049"}],"curies":[{"name":"wp","href":"https:\/\/api.w.org\/{rel}","templated":true}]}}