{"id":248134,"date":"2024-09-29T08:00:24","date_gmt":"2024-09-29T08:00:24","guid":{"rendered":"https:\/\/irankiuzona.lt\/product\/terksliniu-raktu-komplektas-6-21-mm-su-deklu-vezimeliui\/"},"modified":"2026-05-10T08:45:03","modified_gmt":"2026-05-10T08:45:03","slug":"terksliniu-raktu-komplektas-6-21-mm-su-deklu-vezimeliui","status":"publish","type":"product","link":"https:\/\/irankiuzona.lt\/ru\/product\/terksliniu-raktu-komplektas-6-21-mm-su-deklu-vezimeliui\/","title":{"rendered":"Terk\u0161lini\u0173 rakt\u0173 komplektas 6-21 mm \/ su d\u0117klu ve\u017eim\u0117liui"},"content":{"rendered":"<p>Komplekte: 6-7-8-9-10-11-12-13-14-15-16-17-18-19-20-21 mm raktai<\/p>","protected":false},"excerpt":{"rendered":"<p>Terk\u0161lini\u0173, kombinuot\u0173 rakt\u0173 komplektas su \u012fd\u0117klu \u012f ve\u017eim\u0117l\u012f \/ 16dali\u0173 \/ 6-21mm<\/p>","protected":false},"featured_media":248136,"comment_status":"open","ping_status":"open","template":"","meta":[],"product_cat":[9870],"product_tag":[9969],"class_list":{"0":"post-248134","1":"product","2":"type-product","3":"status-publish","4":"has-post-thumbnail","6":"product_brand-hogert-technik-vokietija","7":"product_cat-deklai-i-vezimus-su-irankiais-ir-tusti","8":"product_tag-hogert-technik-vokietija","10":"first","11":"instock","12":"purchasable","13":"product-type-simple"},"jetpack_sharing_enabled":true,"_links":{"self":[{"href":"https:\/\/irankiuzona.lt\/ru\/wp-json\/wp\/v2\/product\/248134","targetHints":{"allow":["GET"]}}],"collection":[{"href":"https:\/\/irankiuzona.lt\/ru\/wp-json\/wp\/v2\/product"}],"about":[{"href":"https:\/\/irankiuzona.lt\/ru\/wp-json\/wp\/v2\/types\/product"}],"replies":[{"embeddable":true,"href":"https:\/\/irankiuzona.lt\/ru\/wp-json\/wp\/v2\/comments?post=248134"}],"version-history":[{"count":1,"href":"https:\/\/irankiuzona.lt\/ru\/wp-json\/wp\/v2\/product\/248134\/revisions"}],"predecessor-version":[{"id":417312,"href":"https:\/\/irankiuzona.lt\/ru\/wp-json\/wp\/v2\/product\/248134\/revisions\/417312"}],"wp:featuredmedia":[{"embeddable":true,"href":"https:\/\/irankiuzona.lt\/ru\/wp-json\/wp\/v2\/media\/248136"}],"wp:attachment":[{"href":"https:\/\/irankiuzona.lt\/ru\/wp-json\/wp\/v2\/media?parent=248134"}],"wp:term":[{"taxonomy":"product_cat","embeddable":true,"href":"https:\/\/irankiuzona.lt\/ru\/wp-json\/wp\/v2\/product_cat?post=248134"},{"taxonomy":"product_tag","embeddable":true,"href":"https:\/\/irankiuzona.lt\/ru\/wp-json\/wp\/v2\/product_tag?post=248134"}],"curies":[{"name":"wp","href":"https:\/\/api.w.org\/{rel}","templated":true}]}}