{"id":248155,"date":"2024-09-29T08:00:27","date_gmt":"2024-09-29T08:00:27","guid":{"rendered":"https:\/\/irankiuzona.lt\/product\/kelnes-l-dydis\/"},"modified":"2026-03-03T09:55:49","modified_gmt":"2026-03-03T09:55:49","slug":"kelnes-l-dydis","status":"publish","type":"product","link":"https:\/\/irankiuzona.lt\/ru\/product\/kelnes-l-dydis\/","title":{"rendered":"Keln\u0117s L dydis"},"content":{"rendered":"<p>Charakteristika:<br \/>\nmed\u017eiaga: 60% medviln\u0117, 40% poliesteris CVC, med\u017eiaga\u00a0270 g \/ m\u00b2;su 7 ki\u0161en\u0117mis:<br \/>\n&#8211; 2 vir\u0161utin\u0117s ki\u0161en\u0117s;- 1 vidin\u0117 ki\u0161en\u0117;- 2 galin\u0117s ki\u0161en\u0117s;- 1 \u0161onin\u0117 ki\u0161en\u0117;- 1\u00a0lankstoma ki\u0161en\u0117<\/p>","protected":false},"excerpt":{"rendered":"<p>Keln\u0117s medviln\u0117 60%polysteris 40% L dydis<\/p>","protected":false},"featured_media":248157,"comment_status":"open","ping_status":"open","template":"","meta":[],"product_cat":[9992],"product_tag":[9969],"class_list":{"0":"post-248155","1":"product","2":"type-product","3":"status-publish","4":"has-post-thumbnail","6":"product_brand-hogert-technik-vokietija","7":"product_cat-darbines-kelnes","8":"product_tag-hogert-technik-vokietija","10":"first","11":"outofstock","12":"purchasable","13":"product-type-simple"},"jetpack_sharing_enabled":true,"_links":{"self":[{"href":"https:\/\/irankiuzona.lt\/ru\/wp-json\/wp\/v2\/product\/248155","targetHints":{"allow":["GET"]}}],"collection":[{"href":"https:\/\/irankiuzona.lt\/ru\/wp-json\/wp\/v2\/product"}],"about":[{"href":"https:\/\/irankiuzona.lt\/ru\/wp-json\/wp\/v2\/types\/product"}],"replies":[{"embeddable":true,"href":"https:\/\/irankiuzona.lt\/ru\/wp-json\/wp\/v2\/comments?post=248155"}],"version-history":[{"count":1,"href":"https:\/\/irankiuzona.lt\/ru\/wp-json\/wp\/v2\/product\/248155\/revisions"}],"predecessor-version":[{"id":417319,"href":"https:\/\/irankiuzona.lt\/ru\/wp-json\/wp\/v2\/product\/248155\/revisions\/417319"}],"wp:featuredmedia":[{"embeddable":true,"href":"https:\/\/irankiuzona.lt\/ru\/wp-json\/wp\/v2\/media\/248157"}],"wp:attachment":[{"href":"https:\/\/irankiuzona.lt\/ru\/wp-json\/wp\/v2\/media?parent=248155"}],"wp:term":[{"taxonomy":"product_cat","embeddable":true,"href":"https:\/\/irankiuzona.lt\/ru\/wp-json\/wp\/v2\/product_cat?post=248155"},{"taxonomy":"product_tag","embeddable":true,"href":"https:\/\/irankiuzona.lt\/ru\/wp-json\/wp\/v2\/product_tag?post=248155"}],"curies":[{"name":"wp","href":"https:\/\/api.w.org\/{rel}","templated":true}]}}