{"id":248238,"date":"2024-09-29T08:40:44","date_gmt":"2024-09-29T08:40:44","guid":{"rendered":"https:\/\/irankiuzona.lt\/product\/dujinis-degiklis-su-pjezo-1-7kw-max-850c-360-veikimas\/"},"modified":"2026-05-16T18:01:48","modified_gmt":"2026-05-16T18:01:48","slug":"dujinis-degiklis-su-pjezo-1-7kw-max-850c-360-veikimas","status":"publish","type":"product","link":"https:\/\/irankiuzona.lt\/ru\/product\/dujinis-degiklis-su-pjezo-1-7kw-max-850c-360-veikimas\/","title":{"rendered":"Dujinis degiklis su pjezo 1.7kW \/ max. 850\u00b0C \/ 360\u00b0 veikimas"},"content":{"rendered":"<p>Galia: 1,7 kWMaks. temperat\u016bra: 850\u00b0CDuj\u0173 s\u0105naudos: 123 g\/val.Varomas butano \/ propano-butano dujomis 190 g praduriamose duj\u0173 kaset\u0117se;Pjezo elektrinis u\u017edegimas &#8211; paspaudus mygtuk\u0105 atsiranda kibirk\u0161tis, u\u017edeganti duj\u0173 sraut\u0105;Reguliavimo ranken\u0117l\u0117 degimo stiprumui reguliuoti;Metalinis vo\u017etuvas garantuoja sandarum\u0105 ir veikim\u0105 be gedim\u0173;Paprasta ir saugu naudoti;Tinkamas naudoti bet kurioje pad\u0117tyje 360 \u200b\u200b\u00b0 kampu, palengvinantis darb\u0105 nepasiekiamose vietose ir \u017eymiai didinant saugum\u0105;<\/p>","protected":false},"excerpt":{"rendered":"<p>Dujinis degiklis su pjezo 1.7kW \/ max. 850\u00b0C<\/p>","protected":false},"featured_media":248240,"comment_status":"open","ping_status":"open","template":"","meta":[],"product_cat":[9788],"product_tag":[9969],"class_list":{"0":"post-248238","1":"product","2":"type-product","3":"status-publish","4":"has-post-thumbnail","6":"product_brand-hogert-technik-vokietija","7":"product_cat-dujiniai-degikliai","8":"product_tag-hogert-technik-vokietija","10":"first","11":"outofstock","12":"purchasable","13":"product-type-simple"},"jetpack_sharing_enabled":true,"_links":{"self":[{"href":"https:\/\/irankiuzona.lt\/ru\/wp-json\/wp\/v2\/product\/248238","targetHints":{"allow":["GET"]}}],"collection":[{"href":"https:\/\/irankiuzona.lt\/ru\/wp-json\/wp\/v2\/product"}],"about":[{"href":"https:\/\/irankiuzona.lt\/ru\/wp-json\/wp\/v2\/types\/product"}],"replies":[{"embeddable":true,"href":"https:\/\/irankiuzona.lt\/ru\/wp-json\/wp\/v2\/comments?post=248238"}],"version-history":[{"count":1,"href":"https:\/\/irankiuzona.lt\/ru\/wp-json\/wp\/v2\/product\/248238\/revisions"}],"predecessor-version":[{"id":418110,"href":"https:\/\/irankiuzona.lt\/ru\/wp-json\/wp\/v2\/product\/248238\/revisions\/418110"}],"wp:featuredmedia":[{"embeddable":true,"href":"https:\/\/irankiuzona.lt\/ru\/wp-json\/wp\/v2\/media\/248240"}],"wp:attachment":[{"href":"https:\/\/irankiuzona.lt\/ru\/wp-json\/wp\/v2\/media?parent=248238"}],"wp:term":[{"taxonomy":"product_cat","embeddable":true,"href":"https:\/\/irankiuzona.lt\/ru\/wp-json\/wp\/v2\/product_cat?post=248238"},{"taxonomy":"product_tag","embeddable":true,"href":"https:\/\/irankiuzona.lt\/ru\/wp-json\/wp\/v2\/product_tag?post=248238"}],"curies":[{"name":"wp","href":"https:\/\/api.w.org\/{rel}","templated":true}]}}