{"id":248319,"date":"2024-09-29T08:40:52","date_gmt":"2024-09-29T08:40:52","guid":{"rendered":"https:\/\/irankiuzona.lt\/product\/rieboksliu-montavimo-komplektas\/"},"modified":"2026-04-16T19:12:55","modified_gmt":"2026-04-16T19:12:55","slug":"rieboksliu-montavimo-komplektas","status":"publish","type":"product","link":"https:\/\/irankiuzona.lt\/ru\/product\/rieboksliu-montavimo-komplektas\/","title":{"rendered":"Riebok\u0161li\u0173 montavimo komplektas"},"content":{"rendered":"<p>\u00d8 21.5 &#8211; 64 mm<\/p>","protected":false},"excerpt":{"rendered":"<p>Sandarinimo \u017eied\u0173 (riebok\u0161lio) montavimo ir i\u0161montavimo \u012frankis<\/p>","protected":false},"featured_media":248321,"comment_status":"open","ping_status":"open","template":"","meta":[],"product_cat":[9730],"product_tag":[9435],"class_list":{"0":"post-248319","1":"product","2":"type-product","3":"status-publish","4":"has-post-thumbnail","6":"product_brand-kinija","7":"product_cat-irankiai-rieboksliams","8":"product_tag-kinija","10":"first","11":"outofstock","12":"purchasable","13":"product-type-simple"},"jetpack_sharing_enabled":true,"_links":{"self":[{"href":"https:\/\/irankiuzona.lt\/ru\/wp-json\/wp\/v2\/product\/248319","targetHints":{"allow":["GET"]}}],"collection":[{"href":"https:\/\/irankiuzona.lt\/ru\/wp-json\/wp\/v2\/product"}],"about":[{"href":"https:\/\/irankiuzona.lt\/ru\/wp-json\/wp\/v2\/types\/product"}],"replies":[{"embeddable":true,"href":"https:\/\/irankiuzona.lt\/ru\/wp-json\/wp\/v2\/comments?post=248319"}],"version-history":[{"count":1,"href":"https:\/\/irankiuzona.lt\/ru\/wp-json\/wp\/v2\/product\/248319\/revisions"}],"predecessor-version":[{"id":418134,"href":"https:\/\/irankiuzona.lt\/ru\/wp-json\/wp\/v2\/product\/248319\/revisions\/418134"}],"wp:featuredmedia":[{"embeddable":true,"href":"https:\/\/irankiuzona.lt\/ru\/wp-json\/wp\/v2\/media\/248321"}],"wp:attachment":[{"href":"https:\/\/irankiuzona.lt\/ru\/wp-json\/wp\/v2\/media?parent=248319"}],"wp:term":[{"taxonomy":"product_cat","embeddable":true,"href":"https:\/\/irankiuzona.lt\/ru\/wp-json\/wp\/v2\/product_cat?post=248319"},{"taxonomy":"product_tag","embeddable":true,"href":"https:\/\/irankiuzona.lt\/ru\/wp-json\/wp\/v2\/product_tag?post=248319"}],"curies":[{"name":"wp","href":"https:\/\/api.w.org\/{rel}","templated":true}]}}