{"id":248325,"date":"2024-09-29T08:40:52","date_gmt":"2024-09-29T08:40:52","guid":{"rendered":"https:\/\/irankiuzona.lt\/product\/sepetys-drelei-nailoninis-100-mm\/"},"modified":"2025-05-27T10:40:44","modified_gmt":"2025-05-27T10:40:44","slug":"sepetys-drelei-nailoninis-100-mm","status":"publish","type":"product","link":"https:\/\/irankiuzona.lt\/ru\/product\/sepetys-drelei-nailoninis-100-mm\/","title":{"rendered":"\u0160epetys dr\u0117lei nailoninis 100 mm"},"content":{"rendered":"<p>\u2022 medienos ir spalvot\u0173j\u0173 metal\u0173 valymui ir \u0161lifavimui.<br \/>\n\u2022 tinka kra\u0161to pavir\u0161iui ir nepasiekiamai vietai.<br \/>\n\u2022 Maks. 4 500 aps.\/min<\/p>","protected":false},"excerpt":{"rendered":"<p>\u0160epetys dr\u0117lei nailoninis 100 mm<\/p>","protected":false},"featured_media":248327,"comment_status":"open","ping_status":"open","template":"","meta":[],"product_cat":[9450],"product_tag":[9478],"class_list":{"0":"post-248325","1":"product","2":"type-product","3":"status-publish","4":"has-post-thumbnail","6":"product_brand-leman-prancuzija","7":"product_cat-sepeciai-greztuvui-slif-pj-irankiui","8":"product_tag-leman-prancuzija","10":"first","11":"outofstock","12":"purchasable","13":"product-type-simple"},"jetpack_sharing_enabled":true,"_links":{"self":[{"href":"https:\/\/irankiuzona.lt\/ru\/wp-json\/wp\/v2\/product\/248325","targetHints":{"allow":["GET"]}}],"collection":[{"href":"https:\/\/irankiuzona.lt\/ru\/wp-json\/wp\/v2\/product"}],"about":[{"href":"https:\/\/irankiuzona.lt\/ru\/wp-json\/wp\/v2\/types\/product"}],"replies":[{"embeddable":true,"href":"https:\/\/irankiuzona.lt\/ru\/wp-json\/wp\/v2\/comments?post=248325"}],"version-history":[{"count":0,"href":"https:\/\/irankiuzona.lt\/ru\/wp-json\/wp\/v2\/product\/248325\/revisions"}],"wp:featuredmedia":[{"embeddable":true,"href":"https:\/\/irankiuzona.lt\/ru\/wp-json\/wp\/v2\/media\/248327"}],"wp:attachment":[{"href":"https:\/\/irankiuzona.lt\/ru\/wp-json\/wp\/v2\/media?parent=248325"}],"wp:term":[{"taxonomy":"product_cat","embeddable":true,"href":"https:\/\/irankiuzona.lt\/ru\/wp-json\/wp\/v2\/product_cat?post=248325"},{"taxonomy":"product_tag","embeddable":true,"href":"https:\/\/irankiuzona.lt\/ru\/wp-json\/wp\/v2\/product_tag?post=248325"}],"curies":[{"name":"wp","href":"https:\/\/api.w.org\/{rel}","templated":true}]}}