{"id":248384,"date":"2024-09-29T08:40:59","date_gmt":"2024-09-29T08:40:59","guid":{"rendered":"https:\/\/irankiuzona.lt\/product\/smugine-galvute-1-2-21mm-6k-extra-trumpa-28-25mm-ilgio\/"},"modified":"2026-04-15T22:34:25","modified_gmt":"2026-04-15T22:34:25","slug":"smugine-galvute-1-2-21mm-6k-extra-trumpa-28-25mm-ilgio","status":"publish","type":"product","link":"https:\/\/irankiuzona.lt\/ru\/product\/smugine-galvute-1-2-21mm-6k-extra-trumpa-28-25mm-ilgio\/","title":{"rendered":"Sm\u016bgin\u0117 galvut\u0117 1\/2 21mm 6k. extra trumpa 28.25mm ilgio"},"content":{"rendered":"<p>Sm\u016bgin\u0117 galvut\u0117 1\/2 21mm 6k. extra trumpa 28.25mm ilgio<\/p>","protected":false},"excerpt":{"rendered":"<p>Galvut\u0117 1\/2 sm\u016bgin\u0117 21mm CrMo \/ extra trumpa 28.25mm ilgio<\/p>","protected":false},"featured_media":248386,"comment_status":"open","ping_status":"open","template":"","meta":[],"product_cat":[9841],"product_tag":[9462],"class_list":{"0":"post-248384","1":"product","2":"type-product","3":"status-publish","4":"has-post-thumbnail","6":"product_brand-condor-werkzeug-vokietija","7":"product_cat-1-2-125-mm-trumpos-smugines-sesiakampes-galvutes","8":"product_tag-condor-werkzeug-vokietija","10":"first","11":"outofstock","12":"purchasable","13":"product-type-simple"},"jetpack_sharing_enabled":true,"_links":{"self":[{"href":"https:\/\/irankiuzona.lt\/ru\/wp-json\/wp\/v2\/product\/248384","targetHints":{"allow":["GET"]}}],"collection":[{"href":"https:\/\/irankiuzona.lt\/ru\/wp-json\/wp\/v2\/product"}],"about":[{"href":"https:\/\/irankiuzona.lt\/ru\/wp-json\/wp\/v2\/types\/product"}],"replies":[{"embeddable":true,"href":"https:\/\/irankiuzona.lt\/ru\/wp-json\/wp\/v2\/comments?post=248384"}],"version-history":[{"count":1,"href":"https:\/\/irankiuzona.lt\/ru\/wp-json\/wp\/v2\/product\/248384\/revisions"}],"predecessor-version":[{"id":418155,"href":"https:\/\/irankiuzona.lt\/ru\/wp-json\/wp\/v2\/product\/248384\/revisions\/418155"}],"wp:featuredmedia":[{"embeddable":true,"href":"https:\/\/irankiuzona.lt\/ru\/wp-json\/wp\/v2\/media\/248386"}],"wp:attachment":[{"href":"https:\/\/irankiuzona.lt\/ru\/wp-json\/wp\/v2\/media?parent=248384"}],"wp:term":[{"taxonomy":"product_cat","embeddable":true,"href":"https:\/\/irankiuzona.lt\/ru\/wp-json\/wp\/v2\/product_cat?post=248384"},{"taxonomy":"product_tag","embeddable":true,"href":"https:\/\/irankiuzona.lt\/ru\/wp-json\/wp\/v2\/product_tag?post=248384"}],"curies":[{"name":"wp","href":"https:\/\/api.w.org\/{rel}","templated":true}]}}