{"id":248646,"date":"2024-09-29T08:50:26","date_gmt":"2024-09-29T08:50:26","guid":{"rendered":"https:\/\/irankiuzona.lt\/product\/techninis-fenas-2000w-reguliuojamas-su-lcd-hogert-ht2c552\/"},"modified":"2026-04-15T17:41:53","modified_gmt":"2026-04-15T17:41:53","slug":"techninis-fenas-2000w-reguliuojamas-su-lcd-hogert-ht2c552","status":"publish","type":"product","link":"https:\/\/irankiuzona.lt\/ru\/product\/techninis-fenas-2000w-reguliuojamas-su-lcd-hogert-ht2c552\/","title":{"rendered":"Techninis fenas 2000W, reguliuojamas su LCD, HOGERT HT2C552"},"content":{"rendered":"<p>4 skirtingi antgaliai fenui.H05RR-R 2G maitinimo kabelis, kurio skersmuo 1,0 mm2 ir ilgis 2 m.Apsauga nuo perkaitimo.Korpusas pagamintas i\u0161 ABS plastiko.Dviej\u0173 komponent\u0173 ergonomi\u0161ka rankena su profiliuotu neslystan\u010diu TPR pavir\u0161iumi rei\u0161kia, kad net ir ilgalaikis darbas nesukelia rank\u0173 nuovargio.I:\u00a0250 l\/min \/ 50\u00b0C, 100\u00b0C, 150\u00b0C, 250\u00b0C, 350\u00b0C, 450\u00b0C;II:\u00a0550 l\/min \/ 100\u00b0C, 200\u00b0C, 300\u00b0C, 400\u00b0C, 500\u00b0C, 600\u00b0C;Galia: 2000 WMaitinimas: 230 VTinklo da\u017enis: 50 Hz<\/p>","protected":false},"excerpt":{"rendered":"<p>Techninis fenas 2000W iki 600\u00b0C, reguliuojamas su LCD \/ HOEGERT\u00a0HT2C552<\/p>","protected":false},"featured_media":248648,"comment_status":"open","ping_status":"open","template":"","meta":[],"product_cat":[9709],"product_tag":[9969],"class_list":{"0":"post-248646","1":"product","2":"type-product","3":"status-publish","4":"has-post-thumbnail","6":"product_brand-hogert-technik-vokietija","7":"product_cat-techniniai-fenai","8":"product_tag-hogert-technik-vokietija","10":"first","11":"instock","12":"purchasable","13":"product-type-simple"},"jetpack_sharing_enabled":true,"_links":{"self":[{"href":"https:\/\/irankiuzona.lt\/ru\/wp-json\/wp\/v2\/product\/248646","targetHints":{"allow":["GET"]}}],"collection":[{"href":"https:\/\/irankiuzona.lt\/ru\/wp-json\/wp\/v2\/product"}],"about":[{"href":"https:\/\/irankiuzona.lt\/ru\/wp-json\/wp\/v2\/types\/product"}],"replies":[{"embeddable":true,"href":"https:\/\/irankiuzona.lt\/ru\/wp-json\/wp\/v2\/comments?post=248646"}],"version-history":[{"count":1,"href":"https:\/\/irankiuzona.lt\/ru\/wp-json\/wp\/v2\/product\/248646\/revisions"}],"predecessor-version":[{"id":418240,"href":"https:\/\/irankiuzona.lt\/ru\/wp-json\/wp\/v2\/product\/248646\/revisions\/418240"}],"wp:featuredmedia":[{"embeddable":true,"href":"https:\/\/irankiuzona.lt\/ru\/wp-json\/wp\/v2\/media\/248648"}],"wp:attachment":[{"href":"https:\/\/irankiuzona.lt\/ru\/wp-json\/wp\/v2\/media?parent=248646"}],"wp:term":[{"taxonomy":"product_cat","embeddable":true,"href":"https:\/\/irankiuzona.lt\/ru\/wp-json\/wp\/v2\/product_cat?post=248646"},{"taxonomy":"product_tag","embeddable":true,"href":"https:\/\/irankiuzona.lt\/ru\/wp-json\/wp\/v2\/product_tag?post=248646"}],"curies":[{"name":"wp","href":"https:\/\/api.w.org\/{rel}","templated":true}]}}