{"id":248685,"date":"2024-09-29T08:50:30","date_gmt":"2024-09-29T08:50:30","guid":{"rendered":"https:\/\/irankiuzona.lt\/product\/lazerinis-atstumo-matuoklis-iki-80m\/"},"modified":"2026-04-14T14:21:08","modified_gmt":"2026-04-14T14:21:08","slug":"lazerinis-atstumo-matuoklis-iki-80m","status":"publish","type":"product","link":"https:\/\/irankiuzona.lt\/ru\/product\/lazerinis-atstumo-matuoklis-iki-80m\/","title":{"rendered":"Lazerinis atstumo matuoklis iki 80m"},"content":{"rendered":"<p>Profesionalus lazerinis atstumo matuoklis, skirtas matuoti atstumus, t\u016brius ir tarpinius ilgius. Skirta naudoti statybos, remonto ir atnaujinimo darbai. Didelis tikslumas leid\u017eia matuoti tiek viduje, tiek lauke.<br \/>\nLengvas naudojimas;Diapazonas iki 80m +\/- 3mm tikslumu;Leid\u017eia matuoti pj\u016bv\u012f, plot\u0105 ir t\u016br\u012f;Rezultat\u0173 variant\u0173 prid\u0117jimas \/ at\u0117mimas;Leid\u017eia netiesiogiai matuoti atkarpos ilg\u012f naudojant Pitagoro teorem\u0105;Priekinio \/ galinio matavimo ta\u0161ko variantai;m \/ ft \/ inch vieneto parinktys;Automatinis paskutini\u0173 30 matavim\u0173 \u012fra\u0161ymas;Lengvai skaitomas ekranas su ap\u0161vietimu;Patogi, ergonomi\u0161ka, kompakti\u0161ka forma;lengvas;Patogus naudoti sunkiai pasiekiamose vietose.<\/p>","protected":false},"excerpt":{"rendered":"<p>Lazerinis atstumo matuoklis iki 80m \/ HOEGERT HT4M324<\/p>","protected":false},"featured_media":248687,"comment_status":"open","ping_status":"open","template":"","meta":[],"product_cat":[9973],"product_tag":[9969],"class_list":{"0":"post-248685","1":"product","2":"type-product","3":"status-publish","4":"has-post-thumbnail","6":"product_brand-hogert-technik-vokietija","7":"product_cat-lazeriniai-matuokliai","8":"product_tag-hogert-technik-vokietija","10":"first","11":"instock","12":"purchasable","13":"product-type-simple"},"jetpack_sharing_enabled":true,"_links":{"self":[{"href":"https:\/\/irankiuzona.lt\/ru\/wp-json\/wp\/v2\/product\/248685","targetHints":{"allow":["GET"]}}],"collection":[{"href":"https:\/\/irankiuzona.lt\/ru\/wp-json\/wp\/v2\/product"}],"about":[{"href":"https:\/\/irankiuzona.lt\/ru\/wp-json\/wp\/v2\/types\/product"}],"replies":[{"embeddable":true,"href":"https:\/\/irankiuzona.lt\/ru\/wp-json\/wp\/v2\/comments?post=248685"}],"version-history":[{"count":1,"href":"https:\/\/irankiuzona.lt\/ru\/wp-json\/wp\/v2\/product\/248685\/revisions"}],"predecessor-version":[{"id":418253,"href":"https:\/\/irankiuzona.lt\/ru\/wp-json\/wp\/v2\/product\/248685\/revisions\/418253"}],"wp:featuredmedia":[{"embeddable":true,"href":"https:\/\/irankiuzona.lt\/ru\/wp-json\/wp\/v2\/media\/248687"}],"wp:attachment":[{"href":"https:\/\/irankiuzona.lt\/ru\/wp-json\/wp\/v2\/media?parent=248685"}],"wp:term":[{"taxonomy":"product_cat","embeddable":true,"href":"https:\/\/irankiuzona.lt\/ru\/wp-json\/wp\/v2\/product_cat?post=248685"},{"taxonomy":"product_tag","embeddable":true,"href":"https:\/\/irankiuzona.lt\/ru\/wp-json\/wp\/v2\/product_tag?post=248685"}],"curies":[{"name":"wp","href":"https:\/\/api.w.org\/{rel}","templated":true}]}}