{"id":248700,"date":"2024-09-29T08:50:31","date_gmt":"2024-09-29T08:50:31","guid":{"rendered":"https:\/\/irankiuzona.lt\/product\/pintas-kembrikas-12mm-5m-ilgio\/"},"modified":"2025-06-17T05:50:38","modified_gmt":"2025-06-17T05:50:38","slug":"pintas-kembrikas-12mm-5m-ilgio","status":"publish","type":"product","link":"https:\/\/irankiuzona.lt\/ru\/product\/pintas-kembrikas-12mm-5m-ilgio\/","title":{"rendered":"Pintas kembrikas 12mm \/ 5m ilgio"},"content":{"rendered":"<p>Atsparumas tempimui iki 10000 psi;Darbin\u0117s temperat\u016bros diapazonas nuo -70\u00b0C iki +125\u00b0C;Atsparus trumpalaikiam 230\u00b0C poveikiui;Atsparus \u012fprastiems tirpikliams (CFC, plovikliams, muilams, balikliams).Lengva ir paprasta naudoti;Didelis atsparumas dilimui, pjovimui ir kitiems mechaniniams pa\u017eeidimams;Gali b\u016bti i\u0161tempti iki trij\u0173 kart\u0173 didesnio skersmens, kad b\u016bt\u0173 u\u017etikrintas visi\u0161kas padengimas ir apsauga;Didelio lankstumo;Atsparus automobilio eksploataciniams skys\u010diams;Apsaugo nuo kondensato susidarymo;<\/p>","protected":false},"excerpt":{"rendered":"<p>Pintas apsauginis kembrikas 12mm \/ 5m ilgio<\/p>","protected":false},"featured_media":248702,"comment_status":"open","ping_status":"open","template":"","meta":[],"product_cat":[9654],"product_tag":[9778],"class_list":{"0":"post-248700","1":"product","2":"type-product","3":"status-publish","4":"has-post-thumbnail","6":"product_brand-triumf-professional-tools-slovakija","7":"product_cat-jungtys-izoliacines-juostos","8":"product_tag-triumf-professional-tools-slovakija","10":"first","11":"outofstock","12":"purchasable","13":"product-type-simple"},"jetpack_sharing_enabled":true,"_links":{"self":[{"href":"https:\/\/irankiuzona.lt\/ru\/wp-json\/wp\/v2\/product\/248700","targetHints":{"allow":["GET"]}}],"collection":[{"href":"https:\/\/irankiuzona.lt\/ru\/wp-json\/wp\/v2\/product"}],"about":[{"href":"https:\/\/irankiuzona.lt\/ru\/wp-json\/wp\/v2\/types\/product"}],"replies":[{"embeddable":true,"href":"https:\/\/irankiuzona.lt\/ru\/wp-json\/wp\/v2\/comments?post=248700"}],"version-history":[{"count":0,"href":"https:\/\/irankiuzona.lt\/ru\/wp-json\/wp\/v2\/product\/248700\/revisions"}],"wp:featuredmedia":[{"embeddable":true,"href":"https:\/\/irankiuzona.lt\/ru\/wp-json\/wp\/v2\/media\/248702"}],"wp:attachment":[{"href":"https:\/\/irankiuzona.lt\/ru\/wp-json\/wp\/v2\/media?parent=248700"}],"wp:term":[{"taxonomy":"product_cat","embeddable":true,"href":"https:\/\/irankiuzona.lt\/ru\/wp-json\/wp\/v2\/product_cat?post=248700"},{"taxonomy":"product_tag","embeddable":true,"href":"https:\/\/irankiuzona.lt\/ru\/wp-json\/wp\/v2\/product_tag?post=248700"}],"curies":[{"name":"wp","href":"https:\/\/api.w.org\/{rel}","templated":true}]}}