{"id":248763,"date":"2024-09-29T08:50:37","date_gmt":"2024-09-29T08:50:37","guid":{"rendered":"https:\/\/irankiuzona.lt\/product\/terkslinis-raktas-10mm-su-perjungimu-72-dantuku\/"},"modified":"2025-05-27T10:45:37","modified_gmt":"2025-05-27T10:45:37","slug":"terkslinis-raktas-10mm-su-perjungimu-72-dantuku","status":"publish","type":"product","link":"https:\/\/irankiuzona.lt\/ru\/product\/terkslinis-raktas-10mm-su-perjungimu-72-dantuku\/","title":{"rendered":"Terk\u0161linis raktas 10mm su perjungimu \/ 72 dantuk\u0173"},"content":{"rendered":"<p>72 dant\u0173 terk\u0161linis mechanizmas15\u00b0 palenktas galas<\/p>","protected":false},"excerpt":{"rendered":"<p>Terk\u0161linis raktas 10mm su perjungimu \/ 72 dantuk\u0173<\/p>","protected":false},"featured_media":248765,"comment_status":"open","ping_status":"open","template":"","meta":[],"product_cat":[10068],"product_tag":[9778],"class_list":{"0":"post-248763","1":"product","2":"type-product","3":"status-publish","4":"has-post-thumbnail","6":"product_brand-triumf-professional-tools-slovakija","7":"product_cat-reversiniai-terksliniai-raktai-su-perjungimu","8":"product_tag-triumf-professional-tools-slovakija","10":"first","11":"outofstock","12":"purchasable","13":"product-type-simple"},"jetpack_sharing_enabled":true,"_links":{"self":[{"href":"https:\/\/irankiuzona.lt\/ru\/wp-json\/wp\/v2\/product\/248763","targetHints":{"allow":["GET"]}}],"collection":[{"href":"https:\/\/irankiuzona.lt\/ru\/wp-json\/wp\/v2\/product"}],"about":[{"href":"https:\/\/irankiuzona.lt\/ru\/wp-json\/wp\/v2\/types\/product"}],"replies":[{"embeddable":true,"href":"https:\/\/irankiuzona.lt\/ru\/wp-json\/wp\/v2\/comments?post=248763"}],"version-history":[{"count":0,"href":"https:\/\/irankiuzona.lt\/ru\/wp-json\/wp\/v2\/product\/248763\/revisions"}],"wp:featuredmedia":[{"embeddable":true,"href":"https:\/\/irankiuzona.lt\/ru\/wp-json\/wp\/v2\/media\/248765"}],"wp:attachment":[{"href":"https:\/\/irankiuzona.lt\/ru\/wp-json\/wp\/v2\/media?parent=248763"}],"wp:term":[{"taxonomy":"product_cat","embeddable":true,"href":"https:\/\/irankiuzona.lt\/ru\/wp-json\/wp\/v2\/product_cat?post=248763"},{"taxonomy":"product_tag","embeddable":true,"href":"https:\/\/irankiuzona.lt\/ru\/wp-json\/wp\/v2\/product_tag?post=248763"}],"curies":[{"name":"wp","href":"https:\/\/api.w.org\/{rel}","templated":true}]}}