{"id":248786,"date":"2024-09-29T08:50:39","date_gmt":"2024-09-29T08:50:39","guid":{"rendered":"https:\/\/irankiuzona.lt\/product\/smugine-galvute-3-4-52mm-6-kampe\/"},"modified":"2026-04-21T20:36:02","modified_gmt":"2026-04-21T20:36:02","slug":"smugine-galvute-3-4-52mm-6-kampe","status":"publish","type":"product","link":"https:\/\/irankiuzona.lt\/ru\/product\/smugine-galvute-3-4-52mm-6-kampe\/","title":{"rendered":"Sm\u016bgin\u0117 galvut\u0117 3\/4 52mm 6-kamp\u0117"},"content":{"rendered":"<p>Dydis: 3\/4&quot; (mm)Auk\u0161tis: 72mmSvoris: 1,29 kg.<\/p>","protected":false},"excerpt":{"rendered":"<p>Sm\u016bgin\u0117 3\/4 52mm galvut\u0117 \/ Cr-Mo 6-kamp\u0117<\/p>","protected":false},"featured_media":248788,"comment_status":"open","ping_status":"open","template":"","meta":[],"product_cat":[9792],"product_tag":[9483],"class_list":{"0":"post-248786","1":"product","2":"type-product","3":"status-publish","4":"has-post-thumbnail","6":"product_brand-yato-lenkija","7":"product_cat-3-4-20-mm-trumpos-smugines-sesiakampes-galvutes","8":"product_tag-yato-lenkija","10":"first","11":"instock","12":"purchasable","13":"product-type-simple"},"jetpack_sharing_enabled":true,"_links":{"self":[{"href":"https:\/\/irankiuzona.lt\/ru\/wp-json\/wp\/v2\/product\/248786","targetHints":{"allow":["GET"]}}],"collection":[{"href":"https:\/\/irankiuzona.lt\/ru\/wp-json\/wp\/v2\/product"}],"about":[{"href":"https:\/\/irankiuzona.lt\/ru\/wp-json\/wp\/v2\/types\/product"}],"replies":[{"embeddable":true,"href":"https:\/\/irankiuzona.lt\/ru\/wp-json\/wp\/v2\/comments?post=248786"}],"version-history":[{"count":1,"href":"https:\/\/irankiuzona.lt\/ru\/wp-json\/wp\/v2\/product\/248786\/revisions"}],"predecessor-version":[{"id":418280,"href":"https:\/\/irankiuzona.lt\/ru\/wp-json\/wp\/v2\/product\/248786\/revisions\/418280"}],"wp:featuredmedia":[{"embeddable":true,"href":"https:\/\/irankiuzona.lt\/ru\/wp-json\/wp\/v2\/media\/248788"}],"wp:attachment":[{"href":"https:\/\/irankiuzona.lt\/ru\/wp-json\/wp\/v2\/media?parent=248786"}],"wp:term":[{"taxonomy":"product_cat","embeddable":true,"href":"https:\/\/irankiuzona.lt\/ru\/wp-json\/wp\/v2\/product_cat?post=248786"},{"taxonomy":"product_tag","embeddable":true,"href":"https:\/\/irankiuzona.lt\/ru\/wp-json\/wp\/v2\/product_tag?post=248786"}],"curies":[{"name":"wp","href":"https:\/\/api.w.org\/{rel}","templated":true}]}}