{"id":248803,"date":"2024-09-29T08:50:41","date_gmt":"2024-09-29T08:50:41","guid":{"rendered":"https:\/\/irankiuzona.lt\/product\/smugine-galvute-1-2-52mm-6-kampe\/"},"modified":"2026-04-15T22:34:37","modified_gmt":"2026-04-15T22:34:37","slug":"smugine-galvute-1-2-52mm-6-kampe","status":"publish","type":"product","link":"https:\/\/irankiuzona.lt\/ru\/product\/smugine-galvute-1-2-52mm-6-kampe\/","title":{"rendered":"Sm\u016bgin\u0117 galvut\u0117 1\/2 52mm 6-kamp\u0117"},"content":{"rendered":"<p>Lizdas: 1\/2&quot; (12,5mm)Ilgis: 72mmSvoris: 0,875 kg<\/p>","protected":false},"excerpt":{"rendered":"<p>Galvut\u0117 1\/2 52mm sm\u016bgin\u0117 \/ Cr-Mo 52 mm gavlut\u0117 6-kamp\u0117<\/p>","protected":false},"featured_media":248805,"comment_status":"open","ping_status":"open","template":"","meta":[],"product_cat":[9841],"product_tag":[9483],"class_list":{"0":"post-248803","1":"product","2":"type-product","3":"status-publish","4":"has-post-thumbnail","6":"product_brand-yato-lenkija","7":"product_cat-1-2-125-mm-trumpos-smugines-sesiakampes-galvutes","8":"product_tag-yato-lenkija","10":"first","11":"instock","12":"purchasable","13":"product-type-simple"},"jetpack_sharing_enabled":true,"_links":{"self":[{"href":"https:\/\/irankiuzona.lt\/ru\/wp-json\/wp\/v2\/product\/248803","targetHints":{"allow":["GET"]}}],"collection":[{"href":"https:\/\/irankiuzona.lt\/ru\/wp-json\/wp\/v2\/product"}],"about":[{"href":"https:\/\/irankiuzona.lt\/ru\/wp-json\/wp\/v2\/types\/product"}],"replies":[{"embeddable":true,"href":"https:\/\/irankiuzona.lt\/ru\/wp-json\/wp\/v2\/comments?post=248803"}],"version-history":[{"count":1,"href":"https:\/\/irankiuzona.lt\/ru\/wp-json\/wp\/v2\/product\/248803\/revisions"}],"predecessor-version":[{"id":418286,"href":"https:\/\/irankiuzona.lt\/ru\/wp-json\/wp\/v2\/product\/248803\/revisions\/418286"}],"wp:featuredmedia":[{"embeddable":true,"href":"https:\/\/irankiuzona.lt\/ru\/wp-json\/wp\/v2\/media\/248805"}],"wp:attachment":[{"href":"https:\/\/irankiuzona.lt\/ru\/wp-json\/wp\/v2\/media?parent=248803"}],"wp:term":[{"taxonomy":"product_cat","embeddable":true,"href":"https:\/\/irankiuzona.lt\/ru\/wp-json\/wp\/v2\/product_cat?post=248803"},{"taxonomy":"product_tag","embeddable":true,"href":"https:\/\/irankiuzona.lt\/ru\/wp-json\/wp\/v2\/product_tag?post=248803"}],"curies":[{"name":"wp","href":"https:\/\/api.w.org\/{rel}","templated":true}]}}