{"id":248806,"date":"2024-09-29T08:50:41","date_gmt":"2024-09-29T08:50:41","guid":{"rendered":"https:\/\/irankiuzona.lt\/product\/kokybiskos-nitrilines-pirstines-2xl11-dydis-50vnt\/"},"modified":"2026-02-19T12:20:18","modified_gmt":"2026-02-19T12:20:18","slug":"kokybiskos-nitrilines-pirstines-2xl11-dydis-50vnt","status":"publish","type":"product","link":"https:\/\/irankiuzona.lt\/ru\/product\/kokybiskos-nitrilines-pirstines-2xl11-dydis-50vnt\/","title":{"rendered":"Kokybi\u0161kos nitrilin\u0117s pir\u0161tin\u0117s 2XL(11) dydis \/ 50vnt"},"content":{"rendered":"<p>&#8211; Storesn\u0117s\u00a0u\u017e klasikines pir\u0161tines ir turi speciali\u0105 deimantin\u0119 tekst\u016br\u0105, kuri\u00a0u\u017etikrina stabil\u0173 sukibim\u0105 &#8211; net dirbant su tepalais, riebalais ar dr\u0117gnomis s\u0105lygomis- Apsaugo\u00a0rank\u0173 od\u0105 nuo\u00a0pa\u017eeidim\u0173, \u012fbr\u0117\u017eim\u0173,\u00a0dr\u0117gm\u0117s ir chemikal\u0173 prasiskverbimo * &#8211; produktas priskiriamas III B kategorijai-\u00a0Deimanto fakt\u016bros ra\u0161tas\u00a0suma\u017eina rank\u0173 prakaitavim\u0105- Tinka atliekant statybos ir montavimo darbus\u00a0&#8211; automobili\u0173, pramon\u0117s, mechanikos ir statybos pramon\u0117, elektros pramon\u0117, dirbant med\u017eio apdirbimo cechuose, maisto pramon\u0117je,atliekant valymo paslaugas<br \/>\nPakuot\u0117: 50 vnt. &#8211; 25 poros<\/p>","protected":false},"excerpt":{"rendered":"<p>Vienkartin\u0117s\u00a0nitrilin\u0117s darbin\u0117s pir\u0161tin\u0117s 2XL (11) dydis \/ be pudros \/ 50vnt.<\/p>","protected":false},"featured_media":248808,"comment_status":"open","ping_status":"open","template":"","meta":[],"product_cat":[9796],"product_tag":[],"class_list":{"0":"post-248806","1":"product","2":"type-product","3":"status-publish","4":"has-post-thumbnail","6":"product_cat-vienkartines-darbo-pirstines","8":"first","9":"outofstock","10":"purchasable","11":"product-type-simple"},"jetpack_sharing_enabled":true,"_links":{"self":[{"href":"https:\/\/irankiuzona.lt\/ru\/wp-json\/wp\/v2\/product\/248806","targetHints":{"allow":["GET"]}}],"collection":[{"href":"https:\/\/irankiuzona.lt\/ru\/wp-json\/wp\/v2\/product"}],"about":[{"href":"https:\/\/irankiuzona.lt\/ru\/wp-json\/wp\/v2\/types\/product"}],"replies":[{"embeddable":true,"href":"https:\/\/irankiuzona.lt\/ru\/wp-json\/wp\/v2\/comments?post=248806"}],"version-history":[{"count":1,"href":"https:\/\/irankiuzona.lt\/ru\/wp-json\/wp\/v2\/product\/248806\/revisions"}],"predecessor-version":[{"id":418287,"href":"https:\/\/irankiuzona.lt\/ru\/wp-json\/wp\/v2\/product\/248806\/revisions\/418287"}],"wp:featuredmedia":[{"embeddable":true,"href":"https:\/\/irankiuzona.lt\/ru\/wp-json\/wp\/v2\/media\/248808"}],"wp:attachment":[{"href":"https:\/\/irankiuzona.lt\/ru\/wp-json\/wp\/v2\/media?parent=248806"}],"wp:term":[{"taxonomy":"product_cat","embeddable":true,"href":"https:\/\/irankiuzona.lt\/ru\/wp-json\/wp\/v2\/product_cat?post=248806"},{"taxonomy":"product_tag","embeddable":true,"href":"https:\/\/irankiuzona.lt\/ru\/wp-json\/wp\/v2\/product_tag?post=248806"}],"curies":[{"name":"wp","href":"https:\/\/api.w.org\/{rel}","templated":true}]}}