{"id":249237,"date":"2024-09-29T09:00:28","date_gmt":"2024-09-29T09:00:28","guid":{"rendered":"https:\/\/irankiuzona.lt\/product\/gilintuvu-komplektas-briaunos-lygintojai-3-19mm\/"},"modified":"2026-05-09T12:33:37","modified_gmt":"2026-05-09T12:33:37","slug":"gilintuvu-komplektas-briaunos-lygintojai-3-19mm","status":"publish","type":"product","link":"https:\/\/irankiuzona.lt\/ru\/product\/gilintuvu-komplektas-briaunos-lygintojai-3-19mm\/","title":{"rendered":"Gilintuv\u0173 komplektas, briaunos lygintojai \/ 3-19mm"},"content":{"rendered":"<p>Briaun\u0173 nu\u0117m\u0117jasinner outer reamer an files set, \u00d83 &#8211; 19mm, 1\/4&quot; drive, handle, small files, 5 pieces<\/p>","protected":false},"excerpt":{"rendered":"<p>Vamzdeli\u0173 kra\u0161tini\u0173 briaunos lyginimo \u012frankis \/ gilintuv\u0173 komplektas vamzdeliams \/ 3-19 mm diametro<\/p>","protected":false},"featured_media":249239,"comment_status":"open","ping_status":"open","template":"","meta":[],"product_cat":[9678],"product_tag":[9778],"class_list":{"0":"post-249237","1":"product","2":"type-product","3":"status-publish","4":"has-post-thumbnail","6":"product_brand-triumf-professional-tools-slovakija","7":"product_cat-vamzdeliu-pjovimui","8":"product_tag-triumf-professional-tools-slovakija","10":"first","11":"instock","12":"purchasable","13":"product-type-simple"},"jetpack_sharing_enabled":true,"_links":{"self":[{"href":"https:\/\/irankiuzona.lt\/ru\/wp-json\/wp\/v2\/product\/249237","targetHints":{"allow":["GET"]}}],"collection":[{"href":"https:\/\/irankiuzona.lt\/ru\/wp-json\/wp\/v2\/product"}],"about":[{"href":"https:\/\/irankiuzona.lt\/ru\/wp-json\/wp\/v2\/types\/product"}],"replies":[{"embeddable":true,"href":"https:\/\/irankiuzona.lt\/ru\/wp-json\/wp\/v2\/comments?post=249237"}],"version-history":[{"count":1,"href":"https:\/\/irankiuzona.lt\/ru\/wp-json\/wp\/v2\/product\/249237\/revisions"}],"predecessor-version":[{"id":418421,"href":"https:\/\/irankiuzona.lt\/ru\/wp-json\/wp\/v2\/product\/249237\/revisions\/418421"}],"wp:featuredmedia":[{"embeddable":true,"href":"https:\/\/irankiuzona.lt\/ru\/wp-json\/wp\/v2\/media\/249239"}],"wp:attachment":[{"href":"https:\/\/irankiuzona.lt\/ru\/wp-json\/wp\/v2\/media?parent=249237"}],"wp:term":[{"taxonomy":"product_cat","embeddable":true,"href":"https:\/\/irankiuzona.lt\/ru\/wp-json\/wp\/v2\/product_cat?post=249237"},{"taxonomy":"product_tag","embeddable":true,"href":"https:\/\/irankiuzona.lt\/ru\/wp-json\/wp\/v2\/product_tag?post=249237"}],"curies":[{"name":"wp","href":"https:\/\/api.w.org\/{rel}","templated":true}]}}