{"id":249255,"date":"2024-09-29T09:00:30","date_gmt":"2024-09-29T09:00:30","guid":{"rendered":"https:\/\/irankiuzona.lt\/product\/padangu-priputimo-pakaitine-zarna-300-mm\/"},"modified":"2026-04-10T22:52:47","modified_gmt":"2026-04-10T22:52:47","slug":"padangu-priputimo-pakaitine-zarna-300-mm","status":"publish","type":"product","link":"https:\/\/irankiuzona.lt\/ru\/product\/padangu-priputimo-pakaitine-zarna-300-mm\/","title":{"rendered":"PADANGU PRIPUTIMO PAKAITINE \u017dARNA, 300 MM"},"content":{"rendered":"<p>Italy.Ilgis: 300mm<\/p>","protected":false},"excerpt":{"rendered":"<p>Gumin\u0117 \u017earnel\u0117 padang\u0173 prip\u016btimo pistoletui 300mm ilgio<\/p>","protected":false},"featured_media":249257,"comment_status":"open","ping_status":"open","template":"","meta":[],"product_cat":[9472],"product_tag":[],"class_list":{"0":"post-249255","1":"product","2":"type-product","3":"status-publish","4":"has-post-thumbnail","6":"product_cat-pistoletai-padangu-putimui","8":"first","9":"outofstock","10":"purchasable","11":"product-type-simple"},"jetpack_sharing_enabled":true,"_links":{"self":[{"href":"https:\/\/irankiuzona.lt\/ru\/wp-json\/wp\/v2\/product\/249255","targetHints":{"allow":["GET"]}}],"collection":[{"href":"https:\/\/irankiuzona.lt\/ru\/wp-json\/wp\/v2\/product"}],"about":[{"href":"https:\/\/irankiuzona.lt\/ru\/wp-json\/wp\/v2\/types\/product"}],"replies":[{"embeddable":true,"href":"https:\/\/irankiuzona.lt\/ru\/wp-json\/wp\/v2\/comments?post=249255"}],"version-history":[{"count":1,"href":"https:\/\/irankiuzona.lt\/ru\/wp-json\/wp\/v2\/product\/249255\/revisions"}],"predecessor-version":[{"id":418427,"href":"https:\/\/irankiuzona.lt\/ru\/wp-json\/wp\/v2\/product\/249255\/revisions\/418427"}],"wp:featuredmedia":[{"embeddable":true,"href":"https:\/\/irankiuzona.lt\/ru\/wp-json\/wp\/v2\/media\/249257"}],"wp:attachment":[{"href":"https:\/\/irankiuzona.lt\/ru\/wp-json\/wp\/v2\/media?parent=249255"}],"wp:term":[{"taxonomy":"product_cat","embeddable":true,"href":"https:\/\/irankiuzona.lt\/ru\/wp-json\/wp\/v2\/product_cat?post=249255"},{"taxonomy":"product_tag","embeddable":true,"href":"https:\/\/irankiuzona.lt\/ru\/wp-json\/wp\/v2\/product_tag?post=249255"}],"curies":[{"name":"wp","href":"https:\/\/api.w.org\/{rel}","templated":true}]}}