{"id":249269,"date":"2024-09-29T09:00:32","date_gmt":"2024-09-29T09:00:32","guid":{"rendered":"https:\/\/irankiuzona.lt\/product\/ziedlapinis-diskas-125x224-mm-g80\/"},"modified":"2026-04-12T04:13:34","modified_gmt":"2026-04-12T04:13:34","slug":"ziedlapinis-diskas-125x224-mm-g80","status":"publish","type":"product","link":"https:\/\/irankiuzona.lt\/ru\/product\/ziedlapinis-diskas-125x224-mm-g80\/","title":{"rendered":"\u017diedlapinis diskas 125&#215;22,4 mm G80"},"content":{"rendered":"<p>Diametras: 125 mmGr\u016bd\u0117tumas: 80<\/p>","protected":false},"excerpt":{"rendered":"<p>\u017diedlapinis diskas 125&#215;22,4 mm G80\u00a0<\/p>","protected":false},"featured_media":249271,"comment_status":"open","ping_status":"open","template":"","meta":[],"product_cat":[9644],"product_tag":[9969],"class_list":{"0":"post-249269","1":"product","2":"type-product","3":"status-publish","4":"has-post-thumbnail","6":"product_brand-hogert-technik-vokietija","7":"product_cat-ziedlapiniai-diskai","8":"product_tag-hogert-technik-vokietija","10":"first","11":"instock","12":"purchasable","13":"product-type-simple"},"jetpack_sharing_enabled":true,"_links":{"self":[{"href":"https:\/\/irankiuzona.lt\/ru\/wp-json\/wp\/v2\/product\/249269","targetHints":{"allow":["GET"]}}],"collection":[{"href":"https:\/\/irankiuzona.lt\/ru\/wp-json\/wp\/v2\/product"}],"about":[{"href":"https:\/\/irankiuzona.lt\/ru\/wp-json\/wp\/v2\/types\/product"}],"replies":[{"embeddable":true,"href":"https:\/\/irankiuzona.lt\/ru\/wp-json\/wp\/v2\/comments?post=249269"}],"version-history":[{"count":1,"href":"https:\/\/irankiuzona.lt\/ru\/wp-json\/wp\/v2\/product\/249269\/revisions"}],"predecessor-version":[{"id":418432,"href":"https:\/\/irankiuzona.lt\/ru\/wp-json\/wp\/v2\/product\/249269\/revisions\/418432"}],"wp:featuredmedia":[{"embeddable":true,"href":"https:\/\/irankiuzona.lt\/ru\/wp-json\/wp\/v2\/media\/249271"}],"wp:attachment":[{"href":"https:\/\/irankiuzona.lt\/ru\/wp-json\/wp\/v2\/media?parent=249269"}],"wp:term":[{"taxonomy":"product_cat","embeddable":true,"href":"https:\/\/irankiuzona.lt\/ru\/wp-json\/wp\/v2\/product_cat?post=249269"},{"taxonomy":"product_tag","embeddable":true,"href":"https:\/\/irankiuzona.lt\/ru\/wp-json\/wp\/v2\/product_tag?post=249269"}],"curies":[{"name":"wp","href":"https:\/\/api.w.org\/{rel}","templated":true}]}}