{"id":249278,"date":"2024-09-29T09:00:34","date_gmt":"2024-09-29T09:00:34","guid":{"rendered":"https:\/\/irankiuzona.lt\/product\/rankena-1-2-galvutems-vartomu-galu-380mm\/"},"modified":"2026-04-15T04:18:52","modified_gmt":"2026-04-15T04:18:52","slug":"rankena-1-2-galvutems-vartomu-galu-380mm","status":"publish","type":"product","link":"https:\/\/irankiuzona.lt\/ru\/product\/rankena-1-2-galvutems-vartomu-galu-380mm\/","title":{"rendered":"Rankena 1\/2&quot; galvut\u0117ms vartomu galu, 380mm"},"content":{"rendered":"<p>1\/2 &quot;i\u0161vesties pavara;<br \/>\nkorpusas pagamintas i\u0161 auk\u0161tos kokyb\u0117s chromo-vanad\u017eio legiruoto plieno;<br \/>\natsparus deformacijai;<br \/>\nrai\u017eytas pavir\u0161ius, kad dirbant b\u016bt\u0173 patogiau.<\/p>","protected":false},"excerpt":{"rendered":"<p>Rankena 1\/2 vartomu galu \/ 380mm ilgio<\/p>","protected":false},"featured_media":249280,"comment_status":"open","ping_status":"open","template":"","meta":[],"product_cat":[9615],"product_tag":[9969],"class_list":{"0":"post-249278","1":"product","2":"type-product","3":"status-publish","4":"has-post-thumbnail","6":"product_brand-hogert-technik-vokietija","7":"product_cat-rankenos-vartomu-galu","8":"product_tag-hogert-technik-vokietija","10":"first","11":"outofstock","12":"purchasable","13":"product-type-simple"},"jetpack_sharing_enabled":true,"_links":{"self":[{"href":"https:\/\/irankiuzona.lt\/ru\/wp-json\/wp\/v2\/product\/249278","targetHints":{"allow":["GET"]}}],"collection":[{"href":"https:\/\/irankiuzona.lt\/ru\/wp-json\/wp\/v2\/product"}],"about":[{"href":"https:\/\/irankiuzona.lt\/ru\/wp-json\/wp\/v2\/types\/product"}],"replies":[{"embeddable":true,"href":"https:\/\/irankiuzona.lt\/ru\/wp-json\/wp\/v2\/comments?post=249278"}],"version-history":[{"count":1,"href":"https:\/\/irankiuzona.lt\/ru\/wp-json\/wp\/v2\/product\/249278\/revisions"}],"predecessor-version":[{"id":418435,"href":"https:\/\/irankiuzona.lt\/ru\/wp-json\/wp\/v2\/product\/249278\/revisions\/418435"}],"wp:featuredmedia":[{"embeddable":true,"href":"https:\/\/irankiuzona.lt\/ru\/wp-json\/wp\/v2\/media\/249280"}],"wp:attachment":[{"href":"https:\/\/irankiuzona.lt\/ru\/wp-json\/wp\/v2\/media?parent=249278"}],"wp:term":[{"taxonomy":"product_cat","embeddable":true,"href":"https:\/\/irankiuzona.lt\/ru\/wp-json\/wp\/v2\/product_cat?post=249278"},{"taxonomy":"product_tag","embeddable":true,"href":"https:\/\/irankiuzona.lt\/ru\/wp-json\/wp\/v2\/product_tag?post=249278"}],"curies":[{"name":"wp","href":"https:\/\/api.w.org\/{rel}","templated":true}]}}