{"id":249281,"date":"2024-09-29T09:00:34","date_gmt":"2024-09-29T09:00:34","guid":{"rendered":"https:\/\/irankiuzona.lt\/product\/ziedlapinis-slifavimo-sepetys-drelei-g40-40x20x6\/"},"modified":"2026-04-17T15:16:42","modified_gmt":"2026-04-17T15:16:42","slug":"ziedlapinis-slifavimo-sepetys-drelei-g40-40x20x6","status":"publish","type":"product","link":"https:\/\/irankiuzona.lt\/ru\/product\/ziedlapinis-slifavimo-sepetys-drelei-g40-40x20x6\/","title":{"rendered":"\u017diedlapinis \u0161lifavimo \u0161epetys dr\u0117lei G40 \/ 40x20x6"},"content":{"rendered":"<p>Matmenys: 40 x 20 mmGr\u016bd\u0117tumas: 40Kotelio skermuo: 6 mm<\/p>","protected":false},"excerpt":{"rendered":"<p>\u017diedlapinis \u0161lifavimo \u0161epetys dr\u0117lei G40 \/ 40x20x6<\/p>","protected":false},"featured_media":249283,"comment_status":"open","ping_status":"open","template":"","meta":[],"product_cat":[9450],"product_tag":[9969],"class_list":{"0":"post-249281","1":"product","2":"type-product","3":"status-publish","4":"has-post-thumbnail","6":"product_brand-hogert-technik-vokietija","7":"product_cat-sepeciai-greztuvui-slif-pj-irankiui","8":"product_tag-hogert-technik-vokietija","10":"first","11":"instock","12":"purchasable","13":"product-type-simple"},"jetpack_sharing_enabled":true,"_links":{"self":[{"href":"https:\/\/irankiuzona.lt\/ru\/wp-json\/wp\/v2\/product\/249281","targetHints":{"allow":["GET"]}}],"collection":[{"href":"https:\/\/irankiuzona.lt\/ru\/wp-json\/wp\/v2\/product"}],"about":[{"href":"https:\/\/irankiuzona.lt\/ru\/wp-json\/wp\/v2\/types\/product"}],"replies":[{"embeddable":true,"href":"https:\/\/irankiuzona.lt\/ru\/wp-json\/wp\/v2\/comments?post=249281"}],"version-history":[{"count":1,"href":"https:\/\/irankiuzona.lt\/ru\/wp-json\/wp\/v2\/product\/249281\/revisions"}],"predecessor-version":[{"id":418436,"href":"https:\/\/irankiuzona.lt\/ru\/wp-json\/wp\/v2\/product\/249281\/revisions\/418436"}],"wp:featuredmedia":[{"embeddable":true,"href":"https:\/\/irankiuzona.lt\/ru\/wp-json\/wp\/v2\/media\/249283"}],"wp:attachment":[{"href":"https:\/\/irankiuzona.lt\/ru\/wp-json\/wp\/v2\/media?parent=249281"}],"wp:term":[{"taxonomy":"product_cat","embeddable":true,"href":"https:\/\/irankiuzona.lt\/ru\/wp-json\/wp\/v2\/product_cat?post=249281"},{"taxonomy":"product_tag","embeddable":true,"href":"https:\/\/irankiuzona.lt\/ru\/wp-json\/wp\/v2\/product_tag?post=249281"}],"curies":[{"name":"wp","href":"https:\/\/api.w.org\/{rel}","templated":true}]}}