{"id":249338,"date":"2024-09-29T09:00:40","date_gmt":"2024-09-29T09:00:40","guid":{"rendered":"https:\/\/irankiuzona.lt\/product\/verzliasukis-pneumatinis-smuginis-1-2-1500nm-hogert-ht4r623\/"},"modified":"2026-05-16T15:18:18","modified_gmt":"2026-05-16T15:18:18","slug":"verzliasukis-pneumatinis-smuginis-1-2-1500nm-hogert-ht4r623","status":"publish","type":"product","link":"https:\/\/irankiuzona.lt\/ru\/product\/verzliasukis-pneumatinis-smuginis-1-2-1500nm-hogert-ht4r623\/","title":{"rendered":"Ver\u017elias\u016bkis pneumatinis sm\u016bginis 1\/2 1500Nm, HOGERT HT4R623"},"content":{"rendered":"<p>TWIN HAMMER sm\u016bgio mechanizmas;1\/2&#8243; lizdas galvut\u0117ms;galios diapazonas iki 1500 Nm;1\/4 \u201doro jungtis;darbinis sl\u0117gis 6,3 bar \/ 90 PSI;oro s\u0105naudos 155 l \/ minsukimosi greitis 8000 RPM;svoris 2,2 kg.;patvarus aliuminio-kompozito korpusas;lengvas ir gerai subalansuotas svorio centras;3 pakop\u0173 grei\u010dio valdymas;kairysis \/ de\u0161inysis pasukimo jungiklis;oro i\u0161leidimo anga rankenos apa\u010dioje;<\/p>","protected":false},"excerpt":{"rendered":"<p>Sm\u016bginis 1500Nm pneumatinis ver\u017elias\u016bkus 1\/2 lizdu \/ HOEGERT HT4R623<\/p>","protected":false},"featured_media":249340,"comment_status":"open","ping_status":"closed","template":"","meta":[],"product_cat":[9667],"product_tag":[9969],"class_list":{"0":"post-249338","1":"product","2":"type-product","3":"status-publish","4":"has-post-thumbnail","6":"product_brand-hogert-technik-vokietija","7":"product_cat-pneumatiniai-verzliasukiai","8":"product_tag-hogert-technik-vokietija","10":"first","11":"instock","12":"purchasable","13":"product-type-simple"},"jetpack_sharing_enabled":true,"_links":{"self":[{"href":"https:\/\/irankiuzona.lt\/ru\/wp-json\/wp\/v2\/product\/249338","targetHints":{"allow":["GET"]}}],"collection":[{"href":"https:\/\/irankiuzona.lt\/ru\/wp-json\/wp\/v2\/product"}],"about":[{"href":"https:\/\/irankiuzona.lt\/ru\/wp-json\/wp\/v2\/types\/product"}],"replies":[{"embeddable":true,"href":"https:\/\/irankiuzona.lt\/ru\/wp-json\/wp\/v2\/comments?post=249338"}],"version-history":[{"count":1,"href":"https:\/\/irankiuzona.lt\/ru\/wp-json\/wp\/v2\/product\/249338\/revisions"}],"predecessor-version":[{"id":418455,"href":"https:\/\/irankiuzona.lt\/ru\/wp-json\/wp\/v2\/product\/249338\/revisions\/418455"}],"wp:featuredmedia":[{"embeddable":true,"href":"https:\/\/irankiuzona.lt\/ru\/wp-json\/wp\/v2\/media\/249340"}],"wp:attachment":[{"href":"https:\/\/irankiuzona.lt\/ru\/wp-json\/wp\/v2\/media?parent=249338"}],"wp:term":[{"taxonomy":"product_cat","embeddable":true,"href":"https:\/\/irankiuzona.lt\/ru\/wp-json\/wp\/v2\/product_cat?post=249338"},{"taxonomy":"product_tag","embeddable":true,"href":"https:\/\/irankiuzona.lt\/ru\/wp-json\/wp\/v2\/product_tag?post=249338"}],"curies":[{"name":"wp","href":"https:\/\/api.w.org\/{rel}","templated":true}]}}