{"id":249341,"date":"2024-09-29T09:00:42","date_gmt":"2024-09-29T09:00:42","guid":{"rendered":"https:\/\/irankiuzona.lt\/product\/skaitmeninis-laidu-ieskiklis-nuotolio-matuoklis-hogert-ht4m342\/"},"modified":"2026-05-16T16:57:45","modified_gmt":"2026-05-16T16:57:45","slug":"skaitmeninis-laidu-ieskiklis-nuotolio-matuoklis-hogert-ht4m342","status":"publish","type":"product","link":"https:\/\/irankiuzona.lt\/ru\/product\/skaitmeninis-laidu-ieskiklis-nuotolio-matuoklis-hogert-ht4m342\/","title":{"rendered":"Skaitmeninis laid\u0173 ie\u0161kiklis \/ nuotolio matuoklis, HOGERT HT4M342"},"content":{"rendered":"<p>automatinis paskutini\u0173 40 matavim\u0173 \u012fra\u0161ymas;<br \/>\nspalvotas ekranas su pla\u010diu meniu;<br \/>\nAngli\u0161ka balso funkcija, kuri\u0105 galima i\u0161jungti; guminis apvalkalas, apsaugantis nuo mechanini\u0173 pa\u017eeidim\u0173;<br \/>\npatogi, ergonomi\u0161ka, kompakti\u0161ka forma leid\u017eia patogiai valdyti viena ranka;<br \/>\nmaitinamas \u012fmontuota 400 mAh baterija su \u201emicro USB\u201c jungtimi, ilgesnis akumuliatoriaus tarnavimo laikas d\u0117l automatinio i\u0161jungimo.<\/p>\n<p>Profilio detektorius:<\/p>\n<p>nustato maks. \u012ftampos laidus. 40 mm;<br \/>\naptinka feromagnetinius metalus maks. 100 mm;<br \/>\nspalvot\u0173j\u0173 metal\u0173 aptikimas maks. 80 mm;<br \/>\naptinka medinius konstrukcinius elementus maks. 38 mm;<br \/>\nsuma\u017eina rizik\u0105 sugadinti po tinku esan\u010di\u0105 elektrin\u0119 ir hidraulin\u0119 sistem\u0105;<\/p>\n<p>Lazerio nuotolis:<\/p>\n<p>diapazonas iki 40 m +\/- 3 mm tikslumu;<br \/>\nmatuoja atstumus, plotus, t\u016br\u012f ir tarpinius ilgius;<br \/>\nrezultat\u0173 apibendrinimas ir atimimas;<br \/>\npriekinio \/ galinio matavimo ta\u0161ko variantai;<br \/>\nm \/ ft \/ inch vieneto parinktys.<\/p>","protected":false},"excerpt":{"rendered":"<p>\u0160is profesionalus, modernus \u201edu viename\u201c \u012frenginys sujungia profilio detektoriaus ir lazerinio atstumo matuoklio funkcijas. Naudinga statyb\u0173 ir renovacijos \u012fmon\u0117ms. Naudoja elektrikai, santechnikai, da\u017eytojai ir tinkuotojai.<\/p>","protected":false},"featured_media":249343,"comment_status":"open","ping_status":"open","template":"","meta":[],"product_cat":[9679],"product_tag":[9969],"class_list":{"0":"post-249341","1":"product","2":"type-product","3":"status-publish","4":"has-post-thumbnail","6":"product_brand-hogert-technik-vokietija","7":"product_cat-elektriko-testeriai-ivairus-matuokliai","8":"product_tag-hogert-technik-vokietija","10":"first","11":"instock","12":"purchasable","13":"product-type-simple"},"jetpack_sharing_enabled":true,"_links":{"self":[{"href":"https:\/\/irankiuzona.lt\/ru\/wp-json\/wp\/v2\/product\/249341","targetHints":{"allow":["GET"]}}],"collection":[{"href":"https:\/\/irankiuzona.lt\/ru\/wp-json\/wp\/v2\/product"}],"about":[{"href":"https:\/\/irankiuzona.lt\/ru\/wp-json\/wp\/v2\/types\/product"}],"replies":[{"embeddable":true,"href":"https:\/\/irankiuzona.lt\/ru\/wp-json\/wp\/v2\/comments?post=249341"}],"version-history":[{"count":1,"href":"https:\/\/irankiuzona.lt\/ru\/wp-json\/wp\/v2\/product\/249341\/revisions"}],"predecessor-version":[{"id":418456,"href":"https:\/\/irankiuzona.lt\/ru\/wp-json\/wp\/v2\/product\/249341\/revisions\/418456"}],"wp:featuredmedia":[{"embeddable":true,"href":"https:\/\/irankiuzona.lt\/ru\/wp-json\/wp\/v2\/media\/249343"}],"wp:attachment":[{"href":"https:\/\/irankiuzona.lt\/ru\/wp-json\/wp\/v2\/media?parent=249341"}],"wp:term":[{"taxonomy":"product_cat","embeddable":true,"href":"https:\/\/irankiuzona.lt\/ru\/wp-json\/wp\/v2\/product_cat?post=249341"},{"taxonomy":"product_tag","embeddable":true,"href":"https:\/\/irankiuzona.lt\/ru\/wp-json\/wp\/v2\/product_tag?post=249341"}],"curies":[{"name":"wp","href":"https:\/\/api.w.org\/{rel}","templated":true}]}}