{"id":249425,"date":"2024-09-29T09:00:51","date_gmt":"2024-09-29T09:00:51","guid":{"rendered":"https:\/\/irankiuzona.lt\/product\/vairo-traukiu-nuemejas-35-42mm\/"},"modified":"2026-04-05T04:05:45","modified_gmt":"2026-04-05T04:05:45","slug":"vairo-traukiu-nuemejas-35-42mm","status":"publish","type":"product","link":"https:\/\/irankiuzona.lt\/ru\/product\/vairo-traukiu-nuemejas-35-42mm\/","title":{"rendered":"Vairo trauki\u0173 nu\u0117m\u0117jas 35-42mm"},"content":{"rendered":"<p>\u0421haracteristics &#8211; designed for workshops and services; . for quick assembly and removal of the steering rod; . square output 1\/2&quot;; . wide range of sizes from 35 mm to 42 mm.<\/p>","protected":false},"excerpt":{"rendered":"<p>Vairo trauki\u0173 nu\u0117m\u0117jas 35-42mm<\/p>","protected":false},"featured_media":249427,"comment_status":"open","ping_status":"open","template":"","meta":[],"product_cat":[9528],"product_tag":[9969],"class_list":{"0":"post-249425","1":"product","2":"type-product","3":"status-publish","4":"has-post-thumbnail","6":"product_brand-hogert-technik-vokietija","7":"product_cat-vairo-traukiu-irankiai","8":"product_tag-hogert-technik-vokietija","10":"first","11":"instock","12":"purchasable","13":"product-type-simple"},"jetpack_sharing_enabled":true,"_links":{"self":[{"href":"https:\/\/irankiuzona.lt\/ru\/wp-json\/wp\/v2\/product\/249425","targetHints":{"allow":["GET"]}}],"collection":[{"href":"https:\/\/irankiuzona.lt\/ru\/wp-json\/wp\/v2\/product"}],"about":[{"href":"https:\/\/irankiuzona.lt\/ru\/wp-json\/wp\/v2\/types\/product"}],"replies":[{"embeddable":true,"href":"https:\/\/irankiuzona.lt\/ru\/wp-json\/wp\/v2\/comments?post=249425"}],"version-history":[{"count":0,"href":"https:\/\/irankiuzona.lt\/ru\/wp-json\/wp\/v2\/product\/249425\/revisions"}],"wp:featuredmedia":[{"embeddable":true,"href":"https:\/\/irankiuzona.lt\/ru\/wp-json\/wp\/v2\/media\/249427"}],"wp:attachment":[{"href":"https:\/\/irankiuzona.lt\/ru\/wp-json\/wp\/v2\/media?parent=249425"}],"wp:term":[{"taxonomy":"product_cat","embeddable":true,"href":"https:\/\/irankiuzona.lt\/ru\/wp-json\/wp\/v2\/product_cat?post=249425"},{"taxonomy":"product_tag","embeddable":true,"href":"https:\/\/irankiuzona.lt\/ru\/wp-json\/wp\/v2\/product_tag?post=249425"}],"curies":[{"name":"wp","href":"https:\/\/api.w.org\/{rel}","templated":true}]}}