{"id":249434,"date":"2024-09-29T09:00:52","date_gmt":"2024-09-29T09:00:52","guid":{"rendered":"https:\/\/irankiuzona.lt\/product\/galva-3-4-65mm-6-kampe\/"},"modified":"2026-04-16T05:56:52","modified_gmt":"2026-04-16T05:56:52","slug":"galva-3-4-65mm-6-kampe","status":"publish","type":"product","link":"https:\/\/irankiuzona.lt\/ru\/product\/galva-3-4-65mm-6-kampe\/","title":{"rendered":"Galva 3\/4 65mm 6-kamp\u0117"},"content":{"rendered":"","protected":false},"excerpt":{"rendered":"<p>Galvut\u0117 65mm\u00a0\u0161e\u0161iakamp\u0117 3\/4 (20mm) lizdu<\/p>","protected":false},"featured_media":249436,"comment_status":"open","ping_status":"open","template":"","meta":[],"product_cat":[9522],"product_tag":[9435],"class_list":{"0":"post-249434","1":"product","2":"type-product","3":"status-publish","4":"has-post-thumbnail","6":"product_brand-kinija","7":"product_cat-3-4-20-mm-sesiakampes-galvutes","8":"product_tag-kinija","10":"first","11":"outofstock","12":"purchasable","13":"product-type-simple"},"jetpack_sharing_enabled":true,"_links":{"self":[{"href":"https:\/\/irankiuzona.lt\/ru\/wp-json\/wp\/v2\/product\/249434","targetHints":{"allow":["GET"]}}],"collection":[{"href":"https:\/\/irankiuzona.lt\/ru\/wp-json\/wp\/v2\/product"}],"about":[{"href":"https:\/\/irankiuzona.lt\/ru\/wp-json\/wp\/v2\/types\/product"}],"replies":[{"embeddable":true,"href":"https:\/\/irankiuzona.lt\/ru\/wp-json\/wp\/v2\/comments?post=249434"}],"version-history":[{"count":1,"href":"https:\/\/irankiuzona.lt\/ru\/wp-json\/wp\/v2\/product\/249434\/revisions"}],"predecessor-version":[{"id":418483,"href":"https:\/\/irankiuzona.lt\/ru\/wp-json\/wp\/v2\/product\/249434\/revisions\/418483"}],"wp:featuredmedia":[{"embeddable":true,"href":"https:\/\/irankiuzona.lt\/ru\/wp-json\/wp\/v2\/media\/249436"}],"wp:attachment":[{"href":"https:\/\/irankiuzona.lt\/ru\/wp-json\/wp\/v2\/media?parent=249434"}],"wp:term":[{"taxonomy":"product_cat","embeddable":true,"href":"https:\/\/irankiuzona.lt\/ru\/wp-json\/wp\/v2\/product_cat?post=249434"},{"taxonomy":"product_tag","embeddable":true,"href":"https:\/\/irankiuzona.lt\/ru\/wp-json\/wp\/v2\/product_tag?post=249434"}],"curies":[{"name":"wp","href":"https:\/\/api.w.org\/{rel}","templated":true}]}}