{"id":249459,"date":"2024-09-29T09:00:55","date_gmt":"2024-09-29T09:00:55","guid":{"rendered":"https:\/\/irankiuzona.lt\/product\/galvute-zvakems-3-8-18mm-12-kampe\/"},"modified":"2026-05-09T09:13:55","modified_gmt":"2026-05-09T09:13:55","slug":"galvute-zvakems-3-8-18mm-12-kampe","status":"publish","type":"product","link":"https:\/\/irankiuzona.lt\/ru\/product\/galvute-zvakems-3-8-18mm-12-kampe\/","title":{"rendered":"Galvut\u0117 \u017evak\u0117ms 3\/8&quot; 18mm. 12-kamp\u0117"},"content":{"rendered":"<p>DescriptionforgedTechnical dataDrive profile Internal squareOutput profile 12-pointMaterial Chrome Vanadium SteelSurface finish Satin chrome platedDrive profile size, metric 10 mmWrench size 18 mmDrive profile size, inch 3\/8 &quot;Gross weight 80 g<\/p>","protected":false},"excerpt":{"rendered":"<p>Galvut\u0117 \u017evak\u0117ms 3\/8&quot; 18mm. 12-kamp\u0117<\/p>","protected":false},"featured_media":249461,"comment_status":"open","ping_status":"open","template":"","meta":[],"product_cat":[9619],"product_tag":[9845],"class_list":{"0":"post-249459","1":"product","2":"type-product","3":"status-publish","4":"has-post-thumbnail","6":"product_brand-vokietija-germany","7":"product_cat-galvutes-zvakems","8":"product_tag-vokietija-germany","10":"first","11":"instock","12":"purchasable","13":"product-type-simple"},"jetpack_sharing_enabled":true,"_links":{"self":[{"href":"https:\/\/irankiuzona.lt\/ru\/wp-json\/wp\/v2\/product\/249459","targetHints":{"allow":["GET"]}}],"collection":[{"href":"https:\/\/irankiuzona.lt\/ru\/wp-json\/wp\/v2\/product"}],"about":[{"href":"https:\/\/irankiuzona.lt\/ru\/wp-json\/wp\/v2\/types\/product"}],"replies":[{"embeddable":true,"href":"https:\/\/irankiuzona.lt\/ru\/wp-json\/wp\/v2\/comments?post=249459"}],"version-history":[{"count":1,"href":"https:\/\/irankiuzona.lt\/ru\/wp-json\/wp\/v2\/product\/249459\/revisions"}],"predecessor-version":[{"id":418492,"href":"https:\/\/irankiuzona.lt\/ru\/wp-json\/wp\/v2\/product\/249459\/revisions\/418492"}],"wp:featuredmedia":[{"embeddable":true,"href":"https:\/\/irankiuzona.lt\/ru\/wp-json\/wp\/v2\/media\/249461"}],"wp:attachment":[{"href":"https:\/\/irankiuzona.lt\/ru\/wp-json\/wp\/v2\/media?parent=249459"}],"wp:term":[{"taxonomy":"product_cat","embeddable":true,"href":"https:\/\/irankiuzona.lt\/ru\/wp-json\/wp\/v2\/product_cat?post=249459"},{"taxonomy":"product_tag","embeddable":true,"href":"https:\/\/irankiuzona.lt\/ru\/wp-json\/wp\/v2\/product_tag?post=249459"}],"curies":[{"name":"wp","href":"https:\/\/api.w.org\/{rel}","templated":true}]}}