{"id":249468,"date":"2024-09-29T09:00:56","date_gmt":"2024-09-29T09:00:56","guid":{"rendered":"https:\/\/irankiuzona.lt\/product\/piltuvas-tiesus-o210mm\/"},"modified":"2026-05-15T22:44:01","modified_gmt":"2026-05-15T22:44:01","slug":"piltuvas-tiesus-o210mm","status":"publish","type":"product","link":"https:\/\/irankiuzona.lt\/ru\/product\/piltuvas-tiesus-o210mm\/","title":{"rendered":"Piltuvas tiesus \u00f8210mm"},"content":{"rendered":"<p>auk\u0161tis: 310 mm i\u0161orinis skersmuo: 210 mm vidinis skersmuo: 170 mm<\/p>","protected":false},"excerpt":{"rendered":"<p>Piltuvas tiesus \u00f8210mm \/ 310mm auk\u0161tis<\/p>","protected":false},"featured_media":249470,"comment_status":"open","ping_status":"open","template":"","meta":[],"product_cat":[9687],"product_tag":[9435],"class_list":{"0":"post-249468","1":"product","2":"type-product","3":"status-publish","4":"has-post-thumbnail","6":"product_brand-kinija","7":"product_cat-indai-eksploataciniams-skysciams-piltuvai-tepalines","8":"product_tag-kinija","10":"first","11":"instock","12":"purchasable","13":"product-type-simple"},"jetpack_sharing_enabled":true,"_links":{"self":[{"href":"https:\/\/irankiuzona.lt\/ru\/wp-json\/wp\/v2\/product\/249468","targetHints":{"allow":["GET"]}}],"collection":[{"href":"https:\/\/irankiuzona.lt\/ru\/wp-json\/wp\/v2\/product"}],"about":[{"href":"https:\/\/irankiuzona.lt\/ru\/wp-json\/wp\/v2\/types\/product"}],"replies":[{"embeddable":true,"href":"https:\/\/irankiuzona.lt\/ru\/wp-json\/wp\/v2\/comments?post=249468"}],"version-history":[{"count":1,"href":"https:\/\/irankiuzona.lt\/ru\/wp-json\/wp\/v2\/product\/249468\/revisions"}],"predecessor-version":[{"id":418495,"href":"https:\/\/irankiuzona.lt\/ru\/wp-json\/wp\/v2\/product\/249468\/revisions\/418495"}],"wp:featuredmedia":[{"embeddable":true,"href":"https:\/\/irankiuzona.lt\/ru\/wp-json\/wp\/v2\/media\/249470"}],"wp:attachment":[{"href":"https:\/\/irankiuzona.lt\/ru\/wp-json\/wp\/v2\/media?parent=249468"}],"wp:term":[{"taxonomy":"product_cat","embeddable":true,"href":"https:\/\/irankiuzona.lt\/ru\/wp-json\/wp\/v2\/product_cat?post=249468"},{"taxonomy":"product_tag","embeddable":true,"href":"https:\/\/irankiuzona.lt\/ru\/wp-json\/wp\/v2\/product_tag?post=249468"}],"curies":[{"name":"wp","href":"https:\/\/api.w.org\/{rel}","templated":true}]}}