{"id":249483,"date":"2024-09-29T09:00:58","date_gmt":"2024-09-29T09:00:58","guid":{"rendered":"https:\/\/irankiuzona.lt\/product\/pagalveles-kebulo-lyginimui-aliumines-6-daliu\/"},"modified":"2026-04-12T19:49:11","modified_gmt":"2026-04-12T19:49:11","slug":"pagalveles-kebulo-lyginimui-aliumines-6-daliu","status":"publish","type":"product","link":"https:\/\/irankiuzona.lt\/ru\/product\/pagalveles-kebulo-lyginimui-aliumines-6-daliu\/","title":{"rendered":"Pagalv\u0117l\u0117s k\u0117bulo lyginimui \/ aliumin\u0117s \/ 6 dali\u0173"},"content":{"rendered":"<p>Descriptionsuitable for BGS 865, BGS 865-6 and 865-7scope of delivery:1 dent repair pad, rectangular, large: 32 x 16 mm1 dent repair pad, round, large: diameter \u00d8 32 mm1 dent repair pad, round, middle: diameter \u00d8 19 mm1 dent repair pad, round, small: diameter \u00d8 13 mm1 dent repair pad, oval: 32 x 13 mm1 dent-pad, star-shaped: max. \u00d8 14 mmTechnical dataMaterial AluminiumLength 22 mmGross weight 6 g<\/p>","protected":false},"excerpt":{"rendered":"<p>Pagalv\u0117l\u0117s k\u0117bulo lyginimui \/ aliumin\u0117s \/ 6 dali\u0173<\/p>","protected":false},"featured_media":249485,"comment_status":"open","ping_status":"open","template":"","meta":[],"product_cat":[9556],"product_tag":[9845],"class_list":{"0":"post-249483","1":"product","2":"type-product","3":"status-publish","4":"has-post-thumbnail","6":"product_brand-vokietija-germany","7":"product_cat-irankiai-kebulo-lyginimui","8":"product_tag-vokietija-germany","10":"first","11":"instock","12":"purchasable","13":"product-type-simple"},"jetpack_sharing_enabled":true,"_links":{"self":[{"href":"https:\/\/irankiuzona.lt\/ru\/wp-json\/wp\/v2\/product\/249483","targetHints":{"allow":["GET"]}}],"collection":[{"href":"https:\/\/irankiuzona.lt\/ru\/wp-json\/wp\/v2\/product"}],"about":[{"href":"https:\/\/irankiuzona.lt\/ru\/wp-json\/wp\/v2\/types\/product"}],"replies":[{"embeddable":true,"href":"https:\/\/irankiuzona.lt\/ru\/wp-json\/wp\/v2\/comments?post=249483"}],"version-history":[{"count":1,"href":"https:\/\/irankiuzona.lt\/ru\/wp-json\/wp\/v2\/product\/249483\/revisions"}],"predecessor-version":[{"id":418500,"href":"https:\/\/irankiuzona.lt\/ru\/wp-json\/wp\/v2\/product\/249483\/revisions\/418500"}],"wp:featuredmedia":[{"embeddable":true,"href":"https:\/\/irankiuzona.lt\/ru\/wp-json\/wp\/v2\/media\/249485"}],"wp:attachment":[{"href":"https:\/\/irankiuzona.lt\/ru\/wp-json\/wp\/v2\/media?parent=249483"}],"wp:term":[{"taxonomy":"product_cat","embeddable":true,"href":"https:\/\/irankiuzona.lt\/ru\/wp-json\/wp\/v2\/product_cat?post=249483"},{"taxonomy":"product_tag","embeddable":true,"href":"https:\/\/irankiuzona.lt\/ru\/wp-json\/wp\/v2\/product_tag?post=249483"}],"curies":[{"name":"wp","href":"https:\/\/api.w.org\/{rel}","templated":true}]}}