{"id":250193,"date":"2024-09-29T09:20:14","date_gmt":"2024-09-29T09:20:14","guid":{"rendered":"https:\/\/irankiuzona.lt\/product\/briaunu-uzvartu-reztuko-peiliukai-5vnt\/"},"modified":"2026-05-09T10:05:13","modified_gmt":"2026-05-09T10:05:13","slug":"briaunu-uzvartu-reztuko-peiliukai-5vnt","status":"publish","type":"product","link":"https:\/\/irankiuzona.lt\/ru\/product\/briaunu-uzvartu-reztuko-peiliukai-5vnt\/","title":{"rendered":"Briaun\u0173 \/ u\u017evart\u0173 r\u0117\u017etuko peiliukai \/ 5vnt."},"content":{"rendered":"<p>kei\u010diami peiliai \u012frankiui HT1P621;pagamintas i\u0161 HSS plieno;pakuot\u0117 &#8211; 5 vnt.<\/p>","protected":false},"excerpt":{"rendered":"<p>kei\u010diami peiliai \u012frankiui HT1P621;pagamintas i\u0161 HSS plieno;pakuot\u0117 &#8211; 5 vnt.<\/p>","protected":false},"featured_media":250195,"comment_status":"open","ping_status":"open","template":"","meta":[],"product_cat":[9678],"product_tag":[9969],"class_list":{"0":"post-250193","1":"product","2":"type-product","3":"status-publish","4":"has-post-thumbnail","6":"product_brand-hogert-technik-vokietija","7":"product_cat-vamzdeliu-pjovimui","8":"product_tag-hogert-technik-vokietija","10":"first","11":"outofstock","12":"purchasable","13":"product-type-simple"},"jetpack_sharing_enabled":true,"_links":{"self":[{"href":"https:\/\/irankiuzona.lt\/ru\/wp-json\/wp\/v2\/product\/250193","targetHints":{"allow":["GET"]}}],"collection":[{"href":"https:\/\/irankiuzona.lt\/ru\/wp-json\/wp\/v2\/product"}],"about":[{"href":"https:\/\/irankiuzona.lt\/ru\/wp-json\/wp\/v2\/types\/product"}],"replies":[{"embeddable":true,"href":"https:\/\/irankiuzona.lt\/ru\/wp-json\/wp\/v2\/comments?post=250193"}],"version-history":[{"count":1,"href":"https:\/\/irankiuzona.lt\/ru\/wp-json\/wp\/v2\/product\/250193\/revisions"}],"predecessor-version":[{"id":418726,"href":"https:\/\/irankiuzona.lt\/ru\/wp-json\/wp\/v2\/product\/250193\/revisions\/418726"}],"wp:featuredmedia":[{"embeddable":true,"href":"https:\/\/irankiuzona.lt\/ru\/wp-json\/wp\/v2\/media\/250195"}],"wp:attachment":[{"href":"https:\/\/irankiuzona.lt\/ru\/wp-json\/wp\/v2\/media?parent=250193"}],"wp:term":[{"taxonomy":"product_cat","embeddable":true,"href":"https:\/\/irankiuzona.lt\/ru\/wp-json\/wp\/v2\/product_cat?post=250193"},{"taxonomy":"product_tag","embeddable":true,"href":"https:\/\/irankiuzona.lt\/ru\/wp-json\/wp\/v2\/product_tag?post=250193"}],"curies":[{"name":"wp","href":"https:\/\/api.w.org\/{rel}","templated":true}]}}