{"id":250196,"date":"2024-09-29T09:20:14","date_gmt":"2024-09-29T09:20:14","guid":{"rendered":"https:\/\/irankiuzona.lt\/product\/darbines-kelnes-smelio-spalvos-dydis-ld-slim\/"},"modified":"2026-05-09T10:54:44","modified_gmt":"2026-05-09T10:54:44","slug":"darbines-kelnes-smelio-spalvos-dydis-ld-slim","status":"publish","type":"product","link":"https:\/\/irankiuzona.lt\/ru\/product\/darbines-kelnes-smelio-spalvos-dydis-ld-slim\/","title":{"rendered":"Darbin\u0117s keln\u0117s, sm\u0117lio spalvos, dydis LD SLIM"},"content":{"rendered":"<p>Characteristics<br \/>\nflexible textile for unrestricted movement;removable legs;protective trousers with strong and tight weave, 270 g\/m\u00b2;Oxford 600D reinforcing padding;material: 97% cotton, 3% Spandex;Velcro-fastened knee pad pockets;5 pockets:2 side pockets deep;1 side pocket on the leg;2 back pockets reinforced and with Velcro flap;beige with black accents;high-visibility front and back accents;adjustment from the sides of trousers using flexible tape.<\/p>","protected":false},"excerpt":{"rendered":"<p>Darbin\u0117s keln\u0117s, sm\u0117lio spalvos, dydis LD SLIM<\/p>","protected":false},"featured_media":250198,"comment_status":"open","ping_status":"open","template":"","meta":[],"product_cat":[9992],"product_tag":[9969],"class_list":{"0":"post-250196","1":"product","2":"type-product","3":"status-publish","4":"has-post-thumbnail","6":"product_brand-hogert-technik-vokietija","7":"product_cat-darbines-kelnes","8":"product_tag-hogert-technik-vokietija","10":"first","11":"instock","12":"purchasable","13":"product-type-simple"},"jetpack_sharing_enabled":true,"_links":{"self":[{"href":"https:\/\/irankiuzona.lt\/ru\/wp-json\/wp\/v2\/product\/250196","targetHints":{"allow":["GET"]}}],"collection":[{"href":"https:\/\/irankiuzona.lt\/ru\/wp-json\/wp\/v2\/product"}],"about":[{"href":"https:\/\/irankiuzona.lt\/ru\/wp-json\/wp\/v2\/types\/product"}],"replies":[{"embeddable":true,"href":"https:\/\/irankiuzona.lt\/ru\/wp-json\/wp\/v2\/comments?post=250196"}],"version-history":[{"count":1,"href":"https:\/\/irankiuzona.lt\/ru\/wp-json\/wp\/v2\/product\/250196\/revisions"}],"predecessor-version":[{"id":418727,"href":"https:\/\/irankiuzona.lt\/ru\/wp-json\/wp\/v2\/product\/250196\/revisions\/418727"}],"wp:featuredmedia":[{"embeddable":true,"href":"https:\/\/irankiuzona.lt\/ru\/wp-json\/wp\/v2\/media\/250198"}],"wp:attachment":[{"href":"https:\/\/irankiuzona.lt\/ru\/wp-json\/wp\/v2\/media?parent=250196"}],"wp:term":[{"taxonomy":"product_cat","embeddable":true,"href":"https:\/\/irankiuzona.lt\/ru\/wp-json\/wp\/v2\/product_cat?post=250196"},{"taxonomy":"product_tag","embeddable":true,"href":"https:\/\/irankiuzona.lt\/ru\/wp-json\/wp\/v2\/product_tag?post=250196"}],"curies":[{"name":"wp","href":"https:\/\/api.w.org\/{rel}","templated":true}]}}