{"id":250227,"date":"2024-09-29T09:20:18","date_gmt":"2024-09-29T09:20:18","guid":{"rendered":"https:\/\/irankiuzona.lt\/product\/gumines-tarpines-kondicionieriui-zalios-270vnt\/"},"modified":"2026-05-15T18:15:06","modified_gmt":"2026-05-15T18:15:06","slug":"gumines-tarpines-kondicionieriui-zalios-270vnt","status":"publish","type":"product","link":"https:\/\/irankiuzona.lt\/ru\/product\/gumines-tarpines-kondicionieriui-zalios-270vnt\/","title":{"rendered":"Gumin\u0117s tarpin\u0117s kondicionieriui \/ \u017ealios \/ 270vnt."},"content":{"rendered":"<p>Profesionali\u0173 apvali\u0173 tarpini\u0173 i\u0161 NBR (nitrilo elastomero) gumos rinkinys, skirtas naudoti duj\u0173 ir oro kondicionavimo sistemose bei automobiliams.> \u017ealios spalvos;> darbin\u0117 temperat\u016bra -50\u00b0C &#8211; 125\u00b0C;> atsparumas: ozonui, aliejui, mineralin\u0117ms alyvoms, tepalams, augaliniams ir gyv\u016bniniams aliejams, mazutams, benzinui, propano-butano dujoms, praskiestoms r\u016bg\u0161tims, baz\u0117ms ir druskoms, r\u016bg\u0161tin\u0117ms dujoms, glikolio mi\u0161iniams;> ma\u017eas dilimas, duj\u0173 pralaidumas;> ma\u017ea nuolatin\u0117 deformacija;> efektyvus, patogus ir tikslus sandarinimas;Komplekte:5,29mm x 1,78mm x 20 vnt.6,07mm x 1,78mm x 20 vnt.6,80mm x 1,90mm x 20 vnt.7,65mm x 1,78mm x 20 vnt.7,80mm x 1,90mm x 20 vnt.8,00mm x 2,00mm x 20 vnt.8,80mm x 1,90mm x 20 vnt.10,82mm x 1,78mm x 15 vnt.10,77mm x 2,62mm x 15 vnt.11,00mm x 2,00mm x 15 vnt.12,00mm x 2,00mm x 15 vnt.13,90mm x 1,80mm x 10 vnt.13,95mm x 2,62mm x 10 vnt.10,00mm x 2,00mm x 10 vnt.15,00mm x 2,00mm x 10 vnt.17,00mm x 2,00mm x 10 vnt.17,70mm x 1,78mm x 10 vnt.17,04mm x 3,53mm x 10 vnt.<\/p>","protected":false},"excerpt":{"rendered":"<p>Gumini\u0173 tarpini\u0173 komplektas \/ \u017ealios \/ kondicionieriams, duj\u0173 sistemai \/ 5,29-17,7 mm<\/p>","protected":false},"featured_media":250229,"comment_status":"open","ping_status":"open","template":"","meta":[],"product_cat":[9438],"product_tag":[9969],"class_list":{"0":"post-250227","1":"product","2":"type-product","3":"status-publish","4":"has-post-thumbnail","6":"product_brand-hogert-technik-vokietija","7":"product_cat-tarpines-savarzos-smeiges-kaisciai-ir-kiti-rinkiniai","8":"product_tag-hogert-technik-vokietija","10":"first","11":"instock","12":"purchasable","13":"product-type-simple"},"jetpack_sharing_enabled":true,"_links":{"self":[{"href":"https:\/\/irankiuzona.lt\/ru\/wp-json\/wp\/v2\/product\/250227","targetHints":{"allow":["GET"]}}],"collection":[{"href":"https:\/\/irankiuzona.lt\/ru\/wp-json\/wp\/v2\/product"}],"about":[{"href":"https:\/\/irankiuzona.lt\/ru\/wp-json\/wp\/v2\/types\/product"}],"replies":[{"embeddable":true,"href":"https:\/\/irankiuzona.lt\/ru\/wp-json\/wp\/v2\/comments?post=250227"}],"version-history":[{"count":1,"href":"https:\/\/irankiuzona.lt\/ru\/wp-json\/wp\/v2\/product\/250227\/revisions"}],"predecessor-version":[{"id":418738,"href":"https:\/\/irankiuzona.lt\/ru\/wp-json\/wp\/v2\/product\/250227\/revisions\/418738"}],"wp:featuredmedia":[{"embeddable":true,"href":"https:\/\/irankiuzona.lt\/ru\/wp-json\/wp\/v2\/media\/250229"}],"wp:attachment":[{"href":"https:\/\/irankiuzona.lt\/ru\/wp-json\/wp\/v2\/media?parent=250227"}],"wp:term":[{"taxonomy":"product_cat","embeddable":true,"href":"https:\/\/irankiuzona.lt\/ru\/wp-json\/wp\/v2\/product_cat?post=250227"},{"taxonomy":"product_tag","embeddable":true,"href":"https:\/\/irankiuzona.lt\/ru\/wp-json\/wp\/v2\/product_tag?post=250227"}],"curies":[{"name":"wp","href":"https:\/\/api.w.org\/{rel}","templated":true}]}}