{"id":250230,"date":"2024-09-29T09:20:18","date_gmt":"2024-09-29T09:20:18","guid":{"rendered":"https:\/\/irankiuzona.lt\/product\/gumines-tarpines-komplektas-225vnt\/"},"modified":"2026-05-15T19:57:03","modified_gmt":"2026-05-15T19:57:03","slug":"gumines-tarpines-komplektas-225vnt","status":"publish","type":"product","link":"https:\/\/irankiuzona.lt\/ru\/product\/gumines-tarpines-komplektas-225vnt\/","title":{"rendered":"Gumin\u0117s tarpin\u0117s, komplektas \/ 225vnt"},"content":{"rendered":"<p>Profesionali\u0173 apvali\u0173 tarpini\u0173 i\u0161 NBR (nitrilo elastomero) gumos rinkinys, skirtas naudoti duj\u0173 ir oro kondicionavimo sistemose bei automobiliams.> juodos spalvos;> darbin\u0117 temperat\u016bra -50\u00b0C &#8211; 125\u00b0C;> atsparumas: ozonui, aliejui, mineralin\u0117ms alyvoms, tepalams, augaliniams ir gyv\u016bniniams aliejams, mazutams, benzinui, propano-butano dujoms, praskiestoms r\u016bg\u0161tims, baz\u0117ms ir druskoms, r\u016bg\u0161tin\u0117ms dujoms, glikolio mi\u0161iniams;> ma\u017eas dilimas, duj\u0173 pralaidumas;> ma\u017ea nuolatin\u0117 deformacija;> efektyvus, patogus ir tikslus sandarinimas;> patogioje d\u0117\u017eut\u0117je su skyriais.Komplekte:3,00mm x 1,00mm x 20 vnt.4,00mm x 1,00mm x 20 vnt.4,50mm x 2,00mm x 20 vnt.5,00mm x 2,00mm x 20 vnt.6,00mm x 2,00mm x 20 vnt.6,00mm x 2,50mm x 20 vnt.6,00mm x 3,00mm x 20 vnt.7,00mm x 2,00mm x 20 vnt.8,00mm x 2,00mm x 20 vnt.9,00mm x 2,00mm x 5 vnt.10,00mm x 2,00mm x 5 vnt.12,00mm x 3,00mm x 5 vnt.13,00mm x 3,00mm x 5 vnt.14,00mm x 2,50mm x 5 vnt.17,00mm x 2,50mm x 5 vnt.18,00mm x 4,00mm x 5 vnt.20,00mm x 2,00mm x 5 vnt.22,00mm x 2,00mm x 5 vnt.<\/p>","protected":false},"excerpt":{"rendered":"<p>Apvalios gumin\u0117s tarpin\u0117s, komplektas 225dali\u0173 \/ 3-22mm diametro<\/p>","protected":false},"featured_media":250232,"comment_status":"open","ping_status":"open","template":"","meta":[],"product_cat":[9438],"product_tag":[9969],"class_list":{"0":"post-250230","1":"product","2":"type-product","3":"status-publish","4":"has-post-thumbnail","6":"product_brand-hogert-technik-vokietija","7":"product_cat-tarpines-savarzos-smeiges-kaisciai-ir-kiti-rinkiniai","8":"product_tag-hogert-technik-vokietija","10":"first","11":"instock","12":"purchasable","13":"product-type-simple"},"jetpack_sharing_enabled":true,"_links":{"self":[{"href":"https:\/\/irankiuzona.lt\/ru\/wp-json\/wp\/v2\/product\/250230","targetHints":{"allow":["GET"]}}],"collection":[{"href":"https:\/\/irankiuzona.lt\/ru\/wp-json\/wp\/v2\/product"}],"about":[{"href":"https:\/\/irankiuzona.lt\/ru\/wp-json\/wp\/v2\/types\/product"}],"replies":[{"embeddable":true,"href":"https:\/\/irankiuzona.lt\/ru\/wp-json\/wp\/v2\/comments?post=250230"}],"version-history":[{"count":1,"href":"https:\/\/irankiuzona.lt\/ru\/wp-json\/wp\/v2\/product\/250230\/revisions"}],"predecessor-version":[{"id":418739,"href":"https:\/\/irankiuzona.lt\/ru\/wp-json\/wp\/v2\/product\/250230\/revisions\/418739"}],"wp:featuredmedia":[{"embeddable":true,"href":"https:\/\/irankiuzona.lt\/ru\/wp-json\/wp\/v2\/media\/250232"}],"wp:attachment":[{"href":"https:\/\/irankiuzona.lt\/ru\/wp-json\/wp\/v2\/media?parent=250230"}],"wp:term":[{"taxonomy":"product_cat","embeddable":true,"href":"https:\/\/irankiuzona.lt\/ru\/wp-json\/wp\/v2\/product_cat?post=250230"},{"taxonomy":"product_tag","embeddable":true,"href":"https:\/\/irankiuzona.lt\/ru\/wp-json\/wp\/v2\/product_tag?post=250230"}],"curies":[{"name":"wp","href":"https:\/\/api.w.org\/{rel}","templated":true}]}}