{"id":250233,"date":"2024-09-29T09:20:19","date_gmt":"2024-09-29T09:20:19","guid":{"rendered":"https:\/\/irankiuzona.lt\/product\/hidraulines-tarpines-komplektas-141vnt\/"},"modified":"2026-05-15T19:57:04","modified_gmt":"2026-05-15T19:57:04","slug":"hidraulines-tarpines-komplektas-141vnt","status":"publish","type":"product","link":"https:\/\/irankiuzona.lt\/ru\/product\/hidraulines-tarpines-komplektas-141vnt\/","title":{"rendered":"Hidraulin\u0117s tarpin\u0117s, komplektas \/ 141vnt"},"content":{"rendered":"<p>Hidraulini\u0173 sandarikli\u0173-tarpini\u0173 komplektas i\u0161 gumos ir vulkanizuoto kartono \u0161alto ir kar\u0161to vandens sistemoms.> juoda \u0161alto vandens ir raudona kar\u0161to vandens sistemoms;> 18 skirting\u0173 dyd\u017ei\u0173;> efektyvus, patogus ir tikslus sandarinimas;> patogioje d\u0117\u017eut\u0117je su skyriais.Komplekte:4 x 17 x 4 mm \/ 10 vnt.9,5 x 17,5 x 4 mm \/ 5 vnt.4 x 15 x 4 mm \/ 10 vnt.15 x 24 x 3 mm \/ 10 vnt.12 x 24 x 2 mm \/ 10 vnt.8 x 18 x 4 mm \/ 5 vnt.8 x 14 x 4 mm \/ 5 vnt.10,5 x 14 x 4 mm \/ 5 vnt.20,5 x 25 x 1,5 mm \/ 10 vnt.10 x 13,5 x 2 mm \/ 10 vnt.17 x 21 x 1,5 mm \/ 10 vnt.12 x 17,5 x 1,5 mm \/ 10 vnt.17 x 24 x 1,5 mm \/ 10 vnt.27 x 38 x 2 mm \/ 3 vnt.17 x 24 x 2 mm \/ 10 vnt.27 x 33 x 1,5 mm \/ 5 vnt.30 x 39 x 2 mm \/ 3 vnt.12 x 17,5 x 2 mm \/ 10 vnt.<\/p>","protected":false},"excerpt":{"rendered":"<p>Apvali\u0173 tarpini\u0173 komplektas 4-30mm \/ 141 dalies<\/p>","protected":false},"featured_media":250235,"comment_status":"open","ping_status":"open","template":"","meta":[],"product_cat":[9438],"product_tag":[9969],"class_list":{"0":"post-250233","1":"product","2":"type-product","3":"status-publish","4":"has-post-thumbnail","6":"product_brand-hogert-technik-vokietija","7":"product_cat-tarpines-savarzos-smeiges-kaisciai-ir-kiti-rinkiniai","8":"product_tag-hogert-technik-vokietija","10":"first","11":"instock","12":"purchasable","13":"product-type-simple"},"jetpack_sharing_enabled":true,"_links":{"self":[{"href":"https:\/\/irankiuzona.lt\/ru\/wp-json\/wp\/v2\/product\/250233","targetHints":{"allow":["GET"]}}],"collection":[{"href":"https:\/\/irankiuzona.lt\/ru\/wp-json\/wp\/v2\/product"}],"about":[{"href":"https:\/\/irankiuzona.lt\/ru\/wp-json\/wp\/v2\/types\/product"}],"replies":[{"embeddable":true,"href":"https:\/\/irankiuzona.lt\/ru\/wp-json\/wp\/v2\/comments?post=250233"}],"version-history":[{"count":1,"href":"https:\/\/irankiuzona.lt\/ru\/wp-json\/wp\/v2\/product\/250233\/revisions"}],"predecessor-version":[{"id":418740,"href":"https:\/\/irankiuzona.lt\/ru\/wp-json\/wp\/v2\/product\/250233\/revisions\/418740"}],"wp:featuredmedia":[{"embeddable":true,"href":"https:\/\/irankiuzona.lt\/ru\/wp-json\/wp\/v2\/media\/250235"}],"wp:attachment":[{"href":"https:\/\/irankiuzona.lt\/ru\/wp-json\/wp\/v2\/media?parent=250233"}],"wp:term":[{"taxonomy":"product_cat","embeddable":true,"href":"https:\/\/irankiuzona.lt\/ru\/wp-json\/wp\/v2\/product_cat?post=250233"},{"taxonomy":"product_tag","embeddable":true,"href":"https:\/\/irankiuzona.lt\/ru\/wp-json\/wp\/v2\/product_tag?post=250233"}],"curies":[{"name":"wp","href":"https:\/\/api.w.org\/{rel}","templated":true}]}}