{"id":250254,"date":"2024-09-29T09:20:21","date_gmt":"2024-09-29T09:20:21","guid":{"rendered":"https:\/\/irankiuzona.lt\/product\/montavimo-komplektas-elastiniems-dirzams\/"},"modified":"2026-05-16T09:47:54","modified_gmt":"2026-05-16T09:47:54","slug":"montavimo-komplektas-elastiniems-dirzams","status":"publish","type":"product","link":"https:\/\/irankiuzona.lt\/ru\/product\/montavimo-komplektas-elastiniems-dirzams\/","title":{"rendered":"Montavimo komplektas elastiniems dir\u017eams"},"content":{"rendered":"<p>leid\u017eia be pa\u017eeidim\u0173 pritvirtinti dir\u017e\u0173 sistemas be \u012ftempiklio2 skirtingi dyd\u017eiai pla\u010diam pritaikymui<\/p>","protected":false},"excerpt":{"rendered":"<p>Montavimo komplektas elastiniems dir\u017eams<\/p>","protected":false},"featured_media":250256,"comment_status":"open","ping_status":"open","template":"","meta":[],"product_cat":[9749],"product_tag":[9845],"class_list":{"0":"post-250254","1":"product","2":"type-product","3":"status-publish","4":"has-post-thumbnail","6":"product_brand-vokietija-germany","7":"product_cat-irankiai-elastiniems-dirzams","8":"product_tag-vokietija-germany","10":"first","11":"instock","12":"purchasable","13":"product-type-simple"},"jetpack_sharing_enabled":true,"_links":{"self":[{"href":"https:\/\/irankiuzona.lt\/ru\/wp-json\/wp\/v2\/product\/250254","targetHints":{"allow":["GET"]}}],"collection":[{"href":"https:\/\/irankiuzona.lt\/ru\/wp-json\/wp\/v2\/product"}],"about":[{"href":"https:\/\/irankiuzona.lt\/ru\/wp-json\/wp\/v2\/types\/product"}],"replies":[{"embeddable":true,"href":"https:\/\/irankiuzona.lt\/ru\/wp-json\/wp\/v2\/comments?post=250254"}],"version-history":[{"count":1,"href":"https:\/\/irankiuzona.lt\/ru\/wp-json\/wp\/v2\/product\/250254\/revisions"}],"predecessor-version":[{"id":418747,"href":"https:\/\/irankiuzona.lt\/ru\/wp-json\/wp\/v2\/product\/250254\/revisions\/418747"}],"wp:featuredmedia":[{"embeddable":true,"href":"https:\/\/irankiuzona.lt\/ru\/wp-json\/wp\/v2\/media\/250256"}],"wp:attachment":[{"href":"https:\/\/irankiuzona.lt\/ru\/wp-json\/wp\/v2\/media?parent=250254"}],"wp:term":[{"taxonomy":"product_cat","embeddable":true,"href":"https:\/\/irankiuzona.lt\/ru\/wp-json\/wp\/v2\/product_cat?post=250254"},{"taxonomy":"product_tag","embeddable":true,"href":"https:\/\/irankiuzona.lt\/ru\/wp-json\/wp\/v2\/product_tag?post=250254"}],"curies":[{"name":"wp","href":"https:\/\/api.w.org\/{rel}","templated":true}]}}