{"id":250283,"date":"2024-09-29T09:20:24","date_gmt":"2024-09-29T09:20:24","guid":{"rendered":"https:\/\/irankiuzona.lt\/product\/dirzo-itempiklio-irankis-ford-duratorq-varikliai\/"},"modified":"2026-04-16T13:17:20","modified_gmt":"2026-04-16T13:17:20","slug":"dirzo-itempiklio-irankis-ford-duratorq-varikliai","status":"publish","type":"product","link":"https:\/\/irankiuzona.lt\/ru\/product\/dirzo-itempiklio-irankis-ford-duratorq-varikliai\/","title":{"rendered":"Dir\u017eo \u012ftempiklio \u012frankis Ford Duratorq varikliai"},"content":{"rendered":"<p>Descriptionsuitable for Ford Duratorq 2.0 \/ 2.2 (TDDI \/ TDCI) Engine code: D5BA \/ D6BA \/ HJBA \/ HJBC \/ FMBA \/ N7BA \/ QJBB \/ QJBATechnical dataGross weight 150 g<\/p>","protected":false},"excerpt":{"rendered":"<p>Dir\u017eo \u012ftempiklio \u012frankis Ford Duratorq varikliai<\/p>","protected":false},"featured_media":250285,"comment_status":"open","ping_status":"open","template":"","meta":[],"product_cat":[9554],"product_tag":[9845],"class_list":{"0":"post-250283","1":"product","2":"type-product","3":"status-publish","4":"has-post-thumbnail","6":"product_brand-vokietija-germany","7":"product_cat-irankiai-dirzeliui-dirzo-itempimui","8":"product_tag-vokietija-germany","10":"first","11":"instock","12":"purchasable","13":"product-type-simple"},"jetpack_sharing_enabled":true,"_links":{"self":[{"href":"https:\/\/irankiuzona.lt\/ru\/wp-json\/wp\/v2\/product\/250283","targetHints":{"allow":["GET"]}}],"collection":[{"href":"https:\/\/irankiuzona.lt\/ru\/wp-json\/wp\/v2\/product"}],"about":[{"href":"https:\/\/irankiuzona.lt\/ru\/wp-json\/wp\/v2\/types\/product"}],"replies":[{"embeddable":true,"href":"https:\/\/irankiuzona.lt\/ru\/wp-json\/wp\/v2\/comments?post=250283"}],"version-history":[{"count":1,"href":"https:\/\/irankiuzona.lt\/ru\/wp-json\/wp\/v2\/product\/250283\/revisions"}],"predecessor-version":[{"id":418757,"href":"https:\/\/irankiuzona.lt\/ru\/wp-json\/wp\/v2\/product\/250283\/revisions\/418757"}],"wp:featuredmedia":[{"embeddable":true,"href":"https:\/\/irankiuzona.lt\/ru\/wp-json\/wp\/v2\/media\/250285"}],"wp:attachment":[{"href":"https:\/\/irankiuzona.lt\/ru\/wp-json\/wp\/v2\/media?parent=250283"}],"wp:term":[{"taxonomy":"product_cat","embeddable":true,"href":"https:\/\/irankiuzona.lt\/ru\/wp-json\/wp\/v2\/product_cat?post=250283"},{"taxonomy":"product_tag","embeddable":true,"href":"https:\/\/irankiuzona.lt\/ru\/wp-json\/wp\/v2\/product_tag?post=250283"}],"curies":[{"name":"wp","href":"https:\/\/api.w.org\/{rel}","templated":true}]}}