{"id":250292,"date":"2024-09-29T09:20:25","date_gmt":"2024-09-29T09:20:25","guid":{"rendered":"https:\/\/irankiuzona.lt\/product\/variklio-dirzu-montavimo-irankiai\/"},"modified":"2026-05-16T11:42:25","modified_gmt":"2026-05-16T11:42:25","slug":"variklio-dirzu-montavimo-irankiai","status":"publish","type":"product","link":"https:\/\/irankiuzona.lt\/ru\/product\/variklio-dirzu-montavimo-irankiai\/","title":{"rendered":"Variklio dir\u017e\u0173 montavimo \u012frankiai"},"content":{"rendered":"<p>DIR\u017d\u0172 MONTAVIMUI IR NU\u0116MIMUI<\/p>","protected":false},"excerpt":{"rendered":"<p>Variklio dir\u017e\u0173 montavimo \u012frankiai<\/p>","protected":false},"featured_media":250294,"comment_status":"open","ping_status":"open","template":"","meta":[],"product_cat":[9749],"product_tag":[9483],"class_list":{"0":"post-250292","1":"product","2":"type-product","3":"status-publish","4":"has-post-thumbnail","6":"product_brand-yato-lenkija","7":"product_cat-irankiai-elastiniems-dirzams","8":"product_tag-yato-lenkija","10":"first","11":"instock","12":"purchasable","13":"product-type-simple"},"jetpack_sharing_enabled":true,"_links":{"self":[{"href":"https:\/\/irankiuzona.lt\/ru\/wp-json\/wp\/v2\/product\/250292","targetHints":{"allow":["GET"]}}],"collection":[{"href":"https:\/\/irankiuzona.lt\/ru\/wp-json\/wp\/v2\/product"}],"about":[{"href":"https:\/\/irankiuzona.lt\/ru\/wp-json\/wp\/v2\/types\/product"}],"replies":[{"embeddable":true,"href":"https:\/\/irankiuzona.lt\/ru\/wp-json\/wp\/v2\/comments?post=250292"}],"version-history":[{"count":1,"href":"https:\/\/irankiuzona.lt\/ru\/wp-json\/wp\/v2\/product\/250292\/revisions"}],"predecessor-version":[{"id":418760,"href":"https:\/\/irankiuzona.lt\/ru\/wp-json\/wp\/v2\/product\/250292\/revisions\/418760"}],"wp:featuredmedia":[{"embeddable":true,"href":"https:\/\/irankiuzona.lt\/ru\/wp-json\/wp\/v2\/media\/250294"}],"wp:attachment":[{"href":"https:\/\/irankiuzona.lt\/ru\/wp-json\/wp\/v2\/media?parent=250292"}],"wp:term":[{"taxonomy":"product_cat","embeddable":true,"href":"https:\/\/irankiuzona.lt\/ru\/wp-json\/wp\/v2\/product_cat?post=250292"},{"taxonomy":"product_tag","embeddable":true,"href":"https:\/\/irankiuzona.lt\/ru\/wp-json\/wp\/v2\/product_tag?post=250292"}],"curies":[{"name":"wp","href":"https:\/\/api.w.org\/{rel}","templated":true}]}}