{"id":250301,"date":"2024-09-29T09:20:26","date_gmt":"2024-09-29T09:20:26","guid":{"rendered":"https:\/\/irankiuzona.lt\/product\/antgalis-magnetine-galvute-su-ispjova-1-4-hex\/"},"modified":"2026-05-16T19:39:29","modified_gmt":"2026-05-16T19:39:29","slug":"antgalis-magnetine-galvute-su-ispjova-1-4-hex","status":"publish","type":"product","link":"https:\/\/irankiuzona.lt\/ru\/product\/antgalis-magnetine-galvute-su-ispjova-1-4-hex\/","title":{"rendered":"Antgalis-magnetin\u0117 galvut\u0117 su i\u0161pjova \/ 1\/4 HEX"},"content":{"rendered":"<p>Skirtas greitai ir efektyviai priver\u017eti arba atlaisvinti sparnuotas ver\u017eles, var\u017etus, kablius.<\/p>","protected":false},"excerpt":{"rendered":"<p>Antgalis-magnetin\u0117 galvut\u0117 su i\u0161pjova \/ 1\/4 HEX<\/p>","protected":false},"featured_media":250303,"comment_status":"open","ping_status":"open","template":"","meta":[],"product_cat":[9629],"product_tag":[9435],"class_list":{"0":"post-250301","1":"product","2":"type-product","3":"status-publish","4":"has-post-thumbnail","6":"product_brand-kinija","7":"product_cat-antgaliukai-bitukai-1-4-63mm","8":"product_tag-kinija","10":"first","11":"instock","12":"purchasable","13":"product-type-simple"},"jetpack_sharing_enabled":true,"_links":{"self":[{"href":"https:\/\/irankiuzona.lt\/ru\/wp-json\/wp\/v2\/product\/250301","targetHints":{"allow":["GET"]}}],"collection":[{"href":"https:\/\/irankiuzona.lt\/ru\/wp-json\/wp\/v2\/product"}],"about":[{"href":"https:\/\/irankiuzona.lt\/ru\/wp-json\/wp\/v2\/types\/product"}],"replies":[{"embeddable":true,"href":"https:\/\/irankiuzona.lt\/ru\/wp-json\/wp\/v2\/comments?post=250301"}],"version-history":[{"count":1,"href":"https:\/\/irankiuzona.lt\/ru\/wp-json\/wp\/v2\/product\/250301\/revisions"}],"predecessor-version":[{"id":418763,"href":"https:\/\/irankiuzona.lt\/ru\/wp-json\/wp\/v2\/product\/250301\/revisions\/418763"}],"wp:featuredmedia":[{"embeddable":true,"href":"https:\/\/irankiuzona.lt\/ru\/wp-json\/wp\/v2\/media\/250303"}],"wp:attachment":[{"href":"https:\/\/irankiuzona.lt\/ru\/wp-json\/wp\/v2\/media?parent=250301"}],"wp:term":[{"taxonomy":"product_cat","embeddable":true,"href":"https:\/\/irankiuzona.lt\/ru\/wp-json\/wp\/v2\/product_cat?post=250301"},{"taxonomy":"product_tag","embeddable":true,"href":"https:\/\/irankiuzona.lt\/ru\/wp-json\/wp\/v2\/product_tag?post=250301"}],"curies":[{"name":"wp","href":"https:\/\/api.w.org\/{rel}","templated":true}]}}