{"id":250310,"date":"2024-09-29T09:20:27","date_gmt":"2024-09-29T09:20:27","guid":{"rendered":"https:\/\/irankiuzona.lt\/product\/stabdziu-skyscio-nuorinimo-istraukimo-irankis\/"},"modified":"2026-04-04T20:36:29","modified_gmt":"2026-04-04T20:36:29","slug":"stabdziu-skyscio-nuorinimo-istraukimo-irankis","status":"publish","type":"product","link":"https:\/\/irankiuzona.lt\/ru\/product\/stabdziu-skyscio-nuorinimo-istraukimo-irankis\/","title":{"rendered":"Stabd\u017ei\u0173 skys\u010dio nuorinimo &#8211; i\u0161traukimo \u012frankis"},"content":{"rendered":"<p>Med\u017eiaga: pagaminta i\u0161 auk\u0161tos kokyb\u0117s plastiko ir metalo; Patvaru ir ne\u0161iojama, netoksi\u0161ka, bekvap\u0117, aplinkos apsauga; ilgas gyvenimo laikas;* Lengvas valdymas: lengva valdyti ir prijungti, pakei\u010dia tradicin\u012f varginant\u012f keitimo b\u016bd\u0105, kad vienas asmuo gal\u0117t\u0173 u\u017ebaigti \u0161\u012f stabd\u017ei\u0173 skys\u010dio keitimo darb\u0105. Labai patogios ir ekonomi\u0161kos dalys;* Tikslai: universaliai tinka daugeliui automobili\u0173, sunkve\u017eimi\u0173 ir in\u017einerini\u0173 transporto priemoni\u0173; Stabd\u017ei\u0173 \/ sankabos skys\u010dio keitimas.* Laiko ir darbo taupymas: \u0161is stabd\u017ei\u0173 alyvos skys\u010dio i\u0161traukimo rinkinys gali pad\u0117ti sutaupyti laiko.* Pridedami produktai: \u201e1Set X\u201c stabd\u017ei\u0173 skys\u010dio keitimo \u012frankis (\u012fskaitant 2 vnt. Jungt\u012f ir 1 vnt. Kabl\u012f)<\/p>","protected":false},"excerpt":{"rendered":"<p>Stabd\u017ei\u0173 skys\u010dio nuorinimo &#8211; i\u0161traukimo \u012frankis<\/p>","protected":false},"featured_media":250312,"comment_status":"open","ping_status":"open","template":"","meta":[],"product_cat":[9534],"product_tag":[9435],"class_list":{"0":"post-250310","1":"product","2":"type-product","3":"status-publish","4":"has-post-thumbnail","6":"product_brand-kinija","7":"product_cat-stabdziu-remonto-nuorinimo-irankiai","8":"product_tag-kinija","10":"first","11":"outofstock","12":"purchasable","13":"product-type-simple"},"jetpack_sharing_enabled":true,"_links":{"self":[{"href":"https:\/\/irankiuzona.lt\/ru\/wp-json\/wp\/v2\/product\/250310","targetHints":{"allow":["GET"]}}],"collection":[{"href":"https:\/\/irankiuzona.lt\/ru\/wp-json\/wp\/v2\/product"}],"about":[{"href":"https:\/\/irankiuzona.lt\/ru\/wp-json\/wp\/v2\/types\/product"}],"replies":[{"embeddable":true,"href":"https:\/\/irankiuzona.lt\/ru\/wp-json\/wp\/v2\/comments?post=250310"}],"version-history":[{"count":0,"href":"https:\/\/irankiuzona.lt\/ru\/wp-json\/wp\/v2\/product\/250310\/revisions"}],"wp:featuredmedia":[{"embeddable":true,"href":"https:\/\/irankiuzona.lt\/ru\/wp-json\/wp\/v2\/media\/250312"}],"wp:attachment":[{"href":"https:\/\/irankiuzona.lt\/ru\/wp-json\/wp\/v2\/media?parent=250310"}],"wp:term":[{"taxonomy":"product_cat","embeddable":true,"href":"https:\/\/irankiuzona.lt\/ru\/wp-json\/wp\/v2\/product_cat?post=250310"},{"taxonomy":"product_tag","embeddable":true,"href":"https:\/\/irankiuzona.lt\/ru\/wp-json\/wp\/v2\/product_tag?post=250310"}],"curies":[{"name":"wp","href":"https:\/\/api.w.org\/{rel}","templated":true}]}}