{"id":250346,"date":"2024-09-29T09:20:30","date_gmt":"2024-09-29T09:20:30","guid":{"rendered":"https:\/\/irankiuzona.lt\/product\/silikono-gramdiklis-smailus\/"},"modified":"2026-04-13T21:37:37","modified_gmt":"2026-04-13T21:37:37","slug":"silikono-gramdiklis-smailus","status":"publish","type":"product","link":"https:\/\/irankiuzona.lt\/ru\/product\/silikono-gramdiklis-smailus\/","title":{"rendered":"Silikono gramdiklis, smailus"},"content":{"rendered":"<p>apib\u016bdinimastinka pjauti silikon\u0105 kampin\u0117se si\u016bl\u0117sesukiet\u0117jus silikonui, galima lengvai perdaryti si\u016bles.<\/p>","protected":false},"excerpt":{"rendered":"<p>Silikono gramdiklis, smailus<\/p>","protected":false},"featured_media":250348,"comment_status":"open","ping_status":"open","template":"","meta":[],"product_cat":[9455],"product_tag":[9435],"class_list":{"0":"post-250346","1":"product","2":"type-product","3":"status-publish","4":"has-post-thumbnail","6":"product_brand-kinija","7":"product_cat-irankiai-plytelems-stiklui-laminatui","8":"product_tag-kinija","10":"first","11":"outofstock","12":"purchasable","13":"product-type-simple"},"jetpack_sharing_enabled":true,"_links":{"self":[{"href":"https:\/\/irankiuzona.lt\/ru\/wp-json\/wp\/v2\/product\/250346","targetHints":{"allow":["GET"]}}],"collection":[{"href":"https:\/\/irankiuzona.lt\/ru\/wp-json\/wp\/v2\/product"}],"about":[{"href":"https:\/\/irankiuzona.lt\/ru\/wp-json\/wp\/v2\/types\/product"}],"replies":[{"embeddable":true,"href":"https:\/\/irankiuzona.lt\/ru\/wp-json\/wp\/v2\/comments?post=250346"}],"version-history":[{"count":1,"href":"https:\/\/irankiuzona.lt\/ru\/wp-json\/wp\/v2\/product\/250346\/revisions"}],"predecessor-version":[{"id":418778,"href":"https:\/\/irankiuzona.lt\/ru\/wp-json\/wp\/v2\/product\/250346\/revisions\/418778"}],"wp:featuredmedia":[{"embeddable":true,"href":"https:\/\/irankiuzona.lt\/ru\/wp-json\/wp\/v2\/media\/250348"}],"wp:attachment":[{"href":"https:\/\/irankiuzona.lt\/ru\/wp-json\/wp\/v2\/media?parent=250346"}],"wp:term":[{"taxonomy":"product_cat","embeddable":true,"href":"https:\/\/irankiuzona.lt\/ru\/wp-json\/wp\/v2\/product_cat?post=250346"},{"taxonomy":"product_tag","embeddable":true,"href":"https:\/\/irankiuzona.lt\/ru\/wp-json\/wp\/v2\/product_tag?post=250346"}],"curies":[{"name":"wp","href":"https:\/\/api.w.org\/{rel}","templated":true}]}}