{"id":250349,"date":"2024-09-29T09:20:31","date_gmt":"2024-09-29T09:20:31","guid":{"rendered":"https:\/\/irankiuzona.lt\/product\/atsarginis-ratukas-transmisijos-keltuvui\/"},"modified":"2026-04-19T07:14:27","modified_gmt":"2026-04-19T07:14:27","slug":"atsarginis-ratukas-transmisijos-keltuvui","status":"publish","type":"product","link":"https:\/\/irankiuzona.lt\/ru\/product\/atsarginis-ratukas-transmisijos-keltuvui\/","title":{"rendered":"Atsarginis ratukas transmisijos keltuvui"},"content":{"rendered":"<p>M12x1,75Ratuko diametras 76mmVar\u017eto auk\u0161tis 56mm sriegio auk\u0161tis 27mm<\/p>","protected":false},"excerpt":{"rendered":"<p>Atsarginis ratukas transmisijos keltuvui<\/p>","protected":false},"featured_media":250351,"comment_status":"open","ping_status":"open","template":"","meta":[],"product_cat":[9929],"product_tag":[9435],"class_list":{"0":"post-250349","1":"product","2":"type-product","3":"status-publish","4":"has-post-thumbnail","6":"product_brand-kinija","7":"product_cat-keltuvai-greiciu-dezems","8":"product_tag-kinija","10":"first","11":"instock","12":"purchasable","13":"product-type-simple"},"jetpack_sharing_enabled":true,"_links":{"self":[{"href":"https:\/\/irankiuzona.lt\/ru\/wp-json\/wp\/v2\/product\/250349","targetHints":{"allow":["GET"]}}],"collection":[{"href":"https:\/\/irankiuzona.lt\/ru\/wp-json\/wp\/v2\/product"}],"about":[{"href":"https:\/\/irankiuzona.lt\/ru\/wp-json\/wp\/v2\/types\/product"}],"replies":[{"embeddable":true,"href":"https:\/\/irankiuzona.lt\/ru\/wp-json\/wp\/v2\/comments?post=250349"}],"version-history":[{"count":1,"href":"https:\/\/irankiuzona.lt\/ru\/wp-json\/wp\/v2\/product\/250349\/revisions"}],"predecessor-version":[{"id":418779,"href":"https:\/\/irankiuzona.lt\/ru\/wp-json\/wp\/v2\/product\/250349\/revisions\/418779"}],"wp:featuredmedia":[{"embeddable":true,"href":"https:\/\/irankiuzona.lt\/ru\/wp-json\/wp\/v2\/media\/250351"}],"wp:attachment":[{"href":"https:\/\/irankiuzona.lt\/ru\/wp-json\/wp\/v2\/media?parent=250349"}],"wp:term":[{"taxonomy":"product_cat","embeddable":true,"href":"https:\/\/irankiuzona.lt\/ru\/wp-json\/wp\/v2\/product_cat?post=250349"},{"taxonomy":"product_tag","embeddable":true,"href":"https:\/\/irankiuzona.lt\/ru\/wp-json\/wp\/v2\/product_tag?post=250349"}],"curies":[{"name":"wp","href":"https:\/\/api.w.org\/{rel}","templated":true}]}}