{"id":250400,"date":"2024-09-29T09:20:36","date_gmt":"2024-09-29T09:20:36","guid":{"rendered":"https:\/\/irankiuzona.lt\/product\/manometras-prailgintas-dvigubiems-ratams\/"},"modified":"2026-04-11T04:03:50","modified_gmt":"2026-04-11T04:03:50","slug":"manometras-prailgintas-dvigubiems-ratams","status":"publish","type":"product","link":"https:\/\/irankiuzona.lt\/ru\/product\/manometras-prailgintas-dvigubiems-ratams\/","title":{"rendered":"Manometras prailgintas dvigubiems ratams"},"content":{"rendered":"<p>dviguba funkcija: 0-15 bar\u0173, 0-240 PSI, 140 mm ilgio plienin\u0117 rankena, chromuota apdaila, sunkve\u017eimiui<\/p>","protected":false},"excerpt":{"rendered":"<p>Manometras prailgintas dvigubiems ratams<\/p>","protected":false},"featured_media":250402,"comment_status":"open","ping_status":"open","template":"","meta":[],"product_cat":[9472],"product_tag":[9435],"class_list":{"0":"post-250400","1":"product","2":"type-product","3":"status-publish","4":"has-post-thumbnail","6":"product_brand-kinija","7":"product_cat-pistoletai-padangu-putimui","8":"product_tag-kinija","10":"first","11":"instock","12":"purchasable","13":"product-type-simple"},"jetpack_sharing_enabled":true,"_links":{"self":[{"href":"https:\/\/irankiuzona.lt\/ru\/wp-json\/wp\/v2\/product\/250400","targetHints":{"allow":["GET"]}}],"collection":[{"href":"https:\/\/irankiuzona.lt\/ru\/wp-json\/wp\/v2\/product"}],"about":[{"href":"https:\/\/irankiuzona.lt\/ru\/wp-json\/wp\/v2\/types\/product"}],"replies":[{"embeddable":true,"href":"https:\/\/irankiuzona.lt\/ru\/wp-json\/wp\/v2\/comments?post=250400"}],"version-history":[{"count":1,"href":"https:\/\/irankiuzona.lt\/ru\/wp-json\/wp\/v2\/product\/250400\/revisions"}],"predecessor-version":[{"id":418796,"href":"https:\/\/irankiuzona.lt\/ru\/wp-json\/wp\/v2\/product\/250400\/revisions\/418796"}],"wp:featuredmedia":[{"embeddable":true,"href":"https:\/\/irankiuzona.lt\/ru\/wp-json\/wp\/v2\/media\/250402"}],"wp:attachment":[{"href":"https:\/\/irankiuzona.lt\/ru\/wp-json\/wp\/v2\/media?parent=250400"}],"wp:term":[{"taxonomy":"product_cat","embeddable":true,"href":"https:\/\/irankiuzona.lt\/ru\/wp-json\/wp\/v2\/product_cat?post=250400"},{"taxonomy":"product_tag","embeddable":true,"href":"https:\/\/irankiuzona.lt\/ru\/wp-json\/wp\/v2\/product_tag?post=250400"}],"curies":[{"name":"wp","href":"https:\/\/api.w.org\/{rel}","templated":true}]}}