{"id":250436,"date":"2024-09-29T09:20:40","date_gmt":"2024-09-29T09:20:40","guid":{"rendered":"https:\/\/irankiuzona.lt\/product\/mercedes-benz-9g-tronic-dezes-adapteris-tepalui\/"},"modified":"2026-05-14T16:10:34","modified_gmt":"2026-05-14T16:10:34","slug":"mercedes-benz-9g-tronic-dezes-adapteris-tepalui","status":"publish","type":"product","link":"https:\/\/irankiuzona.lt\/ru\/product\/mercedes-benz-9g-tronic-dezes-adapteris-tepalui\/","title":{"rendered":"Mercedes-Benz 9G-Tronic d\u0117\u017e\u0117s adapteris tepalui"},"content":{"rendered":"<p>Automatin\u0117s pavar\u0173 d\u0117\u017e\u0117s alyvos pripildymui ir i\u0161leidimui 725.0 tipo transmisijoje<br \/>\nsurinkimo \u012frankis, naudojamas kaip OEM 725 589 02 90 00adapteris, naudojamas kaip OEM 725 589 00 90 00<\/p>","protected":false},"excerpt":{"rendered":"<p>Mercedes-Benz 9G-Tronic d\u0117\u017e\u0117s adapteris tepalui<\/p>","protected":false},"featured_media":250438,"comment_status":"open","ping_status":"open","template":"","meta":[],"product_cat":[10031],"product_tag":[9435],"class_list":{"0":"post-250436","1":"product","2":"type-product","3":"status-publish","4":"has-post-thumbnail","6":"product_brand-kinija","7":"product_cat-tepalo-uzpildymo-surinkimo-iranga-talpos-tepalams","8":"product_tag-kinija","10":"first","11":"instock","12":"purchasable","13":"product-type-simple"},"jetpack_sharing_enabled":true,"_links":{"self":[{"href":"https:\/\/irankiuzona.lt\/ru\/wp-json\/wp\/v2\/product\/250436","targetHints":{"allow":["GET"]}}],"collection":[{"href":"https:\/\/irankiuzona.lt\/ru\/wp-json\/wp\/v2\/product"}],"about":[{"href":"https:\/\/irankiuzona.lt\/ru\/wp-json\/wp\/v2\/types\/product"}],"replies":[{"embeddable":true,"href":"https:\/\/irankiuzona.lt\/ru\/wp-json\/wp\/v2\/comments?post=250436"}],"version-history":[{"count":1,"href":"https:\/\/irankiuzona.lt\/ru\/wp-json\/wp\/v2\/product\/250436\/revisions"}],"predecessor-version":[{"id":418808,"href":"https:\/\/irankiuzona.lt\/ru\/wp-json\/wp\/v2\/product\/250436\/revisions\/418808"}],"wp:featuredmedia":[{"embeddable":true,"href":"https:\/\/irankiuzona.lt\/ru\/wp-json\/wp\/v2\/media\/250438"}],"wp:attachment":[{"href":"https:\/\/irankiuzona.lt\/ru\/wp-json\/wp\/v2\/media?parent=250436"}],"wp:term":[{"taxonomy":"product_cat","embeddable":true,"href":"https:\/\/irankiuzona.lt\/ru\/wp-json\/wp\/v2\/product_cat?post=250436"},{"taxonomy":"product_tag","embeddable":true,"href":"https:\/\/irankiuzona.lt\/ru\/wp-json\/wp\/v2\/product_tag?post=250436"}],"curies":[{"name":"wp","href":"https:\/\/api.w.org\/{rel}","templated":true}]}}