{"id":250469,"date":"2024-09-29T09:20:43","date_gmt":"2024-09-29T09:20:43","guid":{"rendered":"https:\/\/irankiuzona.lt\/product\/daugiafunkcinis-piltuvas\/"},"modified":"2026-05-15T23:39:26","modified_gmt":"2026-05-15T23:39:26","slug":"daugiafunkcinis-piltuvas","status":"publish","type":"product","link":"https:\/\/irankiuzona.lt\/ru\/product\/daugiafunkcinis-piltuvas\/","title":{"rendered":"Daugiafunkcinis piltuvas"},"content":{"rendered":"<p>apib\u016bdinimas:labai naudingas tepal\u0173, lang\u0173 skys\u010dio, au\u0161inimo skys\u010dio, degal\u0173 ir kt. supylimui.tinka beveik visiems skys\u010diams<br \/>\nTechniniai duomenysIlgis 45 mmPlotis 45 mmAuk\u0161tis 100 mm<\/p>","protected":false},"excerpt":{"rendered":"<p>Daugiafunkcinis piltuvas<\/p>","protected":false},"featured_media":250471,"comment_status":"open","ping_status":"open","template":"","meta":[],"product_cat":[9687],"product_tag":[9435],"class_list":{"0":"post-250469","1":"product","2":"type-product","3":"status-publish","4":"has-post-thumbnail","6":"product_brand-kinija","7":"product_cat-indai-eksploataciniams-skysciams-piltuvai-tepalines","8":"product_tag-kinija","10":"first","11":"outofstock","12":"purchasable","13":"product-type-simple"},"jetpack_sharing_enabled":true,"_links":{"self":[{"href":"https:\/\/irankiuzona.lt\/ru\/wp-json\/wp\/v2\/product\/250469","targetHints":{"allow":["GET"]}}],"collection":[{"href":"https:\/\/irankiuzona.lt\/ru\/wp-json\/wp\/v2\/product"}],"about":[{"href":"https:\/\/irankiuzona.lt\/ru\/wp-json\/wp\/v2\/types\/product"}],"replies":[{"embeddable":true,"href":"https:\/\/irankiuzona.lt\/ru\/wp-json\/wp\/v2\/comments?post=250469"}],"version-history":[{"count":1,"href":"https:\/\/irankiuzona.lt\/ru\/wp-json\/wp\/v2\/product\/250469\/revisions"}],"predecessor-version":[{"id":418819,"href":"https:\/\/irankiuzona.lt\/ru\/wp-json\/wp\/v2\/product\/250469\/revisions\/418819"}],"wp:featuredmedia":[{"embeddable":true,"href":"https:\/\/irankiuzona.lt\/ru\/wp-json\/wp\/v2\/media\/250471"}],"wp:attachment":[{"href":"https:\/\/irankiuzona.lt\/ru\/wp-json\/wp\/v2\/media?parent=250469"}],"wp:term":[{"taxonomy":"product_cat","embeddable":true,"href":"https:\/\/irankiuzona.lt\/ru\/wp-json\/wp\/v2\/product_cat?post=250469"},{"taxonomy":"product_tag","embeddable":true,"href":"https:\/\/irankiuzona.lt\/ru\/wp-json\/wp\/v2\/product_tag?post=250469"}],"curies":[{"name":"wp","href":"https:\/\/api.w.org\/{rel}","templated":true}]}}