{"id":250478,"date":"2024-09-29T09:20:44","date_gmt":"2024-09-29T09:20:44","guid":{"rendered":"https:\/\/irankiuzona.lt\/product\/galvute-3-4-45mm-cr-mo\/"},"modified":"2026-04-04T14:21:58","modified_gmt":"2026-04-04T14:21:58","slug":"galvute-3-4-45mm-cr-mo","status":"publish","type":"product","link":"https:\/\/irankiuzona.lt\/ru\/product\/galvute-3-4-45mm-cr-mo\/","title":{"rendered":"Galvut\u0117 3\/4&quot;  45mm CR-MO"},"content":{"rendered":"<p>Pritaikymas: stebul\u0117s ver\u017el\u0117s &#8211; BMW 5 serijai ir kitoms populiarioms transporto priemon\u0117s<\/p>","protected":false},"excerpt":{"rendered":"<p>Galvut\u0117 sm\u016bgin\u0117 45mm 3\/4&quot;<\/p>","protected":false},"featured_media":250480,"comment_status":"open","ping_status":"open","template":"","meta":[],"product_cat":[9822],"product_tag":[9435],"class_list":{"0":"post-250478","1":"product","2":"type-product","3":"status-publish","4":"has-post-thumbnail","6":"product_brand-kinija","7":"product_cat-3-4-20-mm-ilgos-smugines-sesiakampes-galvutes","8":"product_tag-kinija","10":"first","11":"instock","12":"purchasable","13":"product-type-simple"},"jetpack_sharing_enabled":true,"_links":{"self":[{"href":"https:\/\/irankiuzona.lt\/ru\/wp-json\/wp\/v2\/product\/250478","targetHints":{"allow":["GET"]}}],"collection":[{"href":"https:\/\/irankiuzona.lt\/ru\/wp-json\/wp\/v2\/product"}],"about":[{"href":"https:\/\/irankiuzona.lt\/ru\/wp-json\/wp\/v2\/types\/product"}],"replies":[{"embeddable":true,"href":"https:\/\/irankiuzona.lt\/ru\/wp-json\/wp\/v2\/comments?post=250478"}],"version-history":[{"count":0,"href":"https:\/\/irankiuzona.lt\/ru\/wp-json\/wp\/v2\/product\/250478\/revisions"}],"wp:featuredmedia":[{"embeddable":true,"href":"https:\/\/irankiuzona.lt\/ru\/wp-json\/wp\/v2\/media\/250480"}],"wp:attachment":[{"href":"https:\/\/irankiuzona.lt\/ru\/wp-json\/wp\/v2\/media?parent=250478"}],"wp:term":[{"taxonomy":"product_cat","embeddable":true,"href":"https:\/\/irankiuzona.lt\/ru\/wp-json\/wp\/v2\/product_cat?post=250478"},{"taxonomy":"product_tag","embeddable":true,"href":"https:\/\/irankiuzona.lt\/ru\/wp-json\/wp\/v2\/product_tag?post=250478"}],"curies":[{"name":"wp","href":"https:\/\/api.w.org\/{rel}","templated":true}]}}