{"id":250481,"date":"2024-09-29T09:20:44","date_gmt":"2024-09-29T09:20:44","guid":{"rendered":"https:\/\/irankiuzona.lt\/product\/lenktas-kabliukas-260mm-irankis-gumu-nuemimui\/"},"modified":"2026-04-19T13:47:01","modified_gmt":"2026-04-19T13:47:01","slug":"lenktas-kabliukas-260mm-irankis-gumu-nuemimui","status":"publish","type":"product","link":"https:\/\/irankiuzona.lt\/ru\/product\/lenktas-kabliukas-260mm-irankis-gumu-nuemimui\/","title":{"rendered":"Lenktas kabliukas 260mm \/ \u012frankis gum\u0173 nu\u0117mimui"},"content":{"rendered":"<p>Gr\u016bdintas CrV plienasIlgis 260 mm<\/p>","protected":false},"excerpt":{"rendered":"<p>Lenktas kabliukas 260mm \/ \u012frankis gum\u0173 nu\u0117mimui<\/p>","protected":false},"featured_media":250483,"comment_status":"open","ping_status":"open","template":"","meta":[],"product_cat":[9537],"product_tag":[9435],"class_list":{"0":"post-250481","1":"product","2":"type-product","3":"status-publish","4":"has-post-thumbnail","6":"product_brand-kinija","7":"product_cat-duslintuvo-remontui","8":"product_tag-kinija","10":"first","11":"instock","12":"purchasable","13":"product-type-simple"},"jetpack_sharing_enabled":true,"_links":{"self":[{"href":"https:\/\/irankiuzona.lt\/ru\/wp-json\/wp\/v2\/product\/250481","targetHints":{"allow":["GET"]}}],"collection":[{"href":"https:\/\/irankiuzona.lt\/ru\/wp-json\/wp\/v2\/product"}],"about":[{"href":"https:\/\/irankiuzona.lt\/ru\/wp-json\/wp\/v2\/types\/product"}],"replies":[{"embeddable":true,"href":"https:\/\/irankiuzona.lt\/ru\/wp-json\/wp\/v2\/comments?post=250481"}],"version-history":[{"count":1,"href":"https:\/\/irankiuzona.lt\/ru\/wp-json\/wp\/v2\/product\/250481\/revisions"}],"predecessor-version":[{"id":418823,"href":"https:\/\/irankiuzona.lt\/ru\/wp-json\/wp\/v2\/product\/250481\/revisions\/418823"}],"wp:featuredmedia":[{"embeddable":true,"href":"https:\/\/irankiuzona.lt\/ru\/wp-json\/wp\/v2\/media\/250483"}],"wp:attachment":[{"href":"https:\/\/irankiuzona.lt\/ru\/wp-json\/wp\/v2\/media?parent=250481"}],"wp:term":[{"taxonomy":"product_cat","embeddable":true,"href":"https:\/\/irankiuzona.lt\/ru\/wp-json\/wp\/v2\/product_cat?post=250481"},{"taxonomy":"product_tag","embeddable":true,"href":"https:\/\/irankiuzona.lt\/ru\/wp-json\/wp\/v2\/product_tag?post=250481"}],"curies":[{"name":"wp","href":"https:\/\/api.w.org\/{rel}","templated":true}]}}