{"id":250493,"date":"2024-09-29T09:20:46","date_gmt":"2024-09-29T09:20:46","guid":{"rendered":"https:\/\/irankiuzona.lt\/product\/pneumatine-terksle-mini-1-4-kampine-50nm\/"},"modified":"2026-04-13T11:52:51","modified_gmt":"2026-04-13T11:52:51","slug":"pneumatine-terksle-mini-1-4-kampine-50nm","status":"publish","type":"product","link":"https:\/\/irankiuzona.lt\/ru\/product\/pneumatine-terksle-mini-1-4-kampine-50nm\/","title":{"rendered":"Pneumatin\u0117 terk\u0161l\u0117 mini 1\/4&quot; kampin\u0117 50Nm"},"content":{"rendered":"<p>Lizdas: 1\/4\u00a0Max. galia: 50 NmLaisvi s\u016bkiai: 230 R.P.MOro sl\u0117gis: 6,3 BarOro kiekis: 130 L\/minIlgis: 160 mmSvoris: 0,5 kgTriuk\u0161mo garsas: 88 dBVibracijos lygis: 3,0 m\/s2<\/p>","protected":false},"excerpt":{"rendered":"<p>Pneumo rankena &#8211; ver\u017elias\u016bkis 1\/4 mini 50Nm galios \/ MightySeven\u00a0<\/p>","protected":false},"featured_media":250495,"comment_status":"open","ping_status":"open","template":"","meta":[],"product_cat":[9666],"product_tag":[9875],"class_list":{"0":"post-250493","1":"product","2":"type-product","3":"status-publish","4":"has-post-thumbnail","6":"product_brand-mighty-seven-m7","7":"product_cat-pneumo-rankenos-terksles","8":"product_tag-mighty-seven-m7","10":"first","11":"instock","12":"purchasable","13":"product-type-simple"},"jetpack_sharing_enabled":true,"_links":{"self":[{"href":"https:\/\/irankiuzona.lt\/ru\/wp-json\/wp\/v2\/product\/250493","targetHints":{"allow":["GET"]}}],"collection":[{"href":"https:\/\/irankiuzona.lt\/ru\/wp-json\/wp\/v2\/product"}],"about":[{"href":"https:\/\/irankiuzona.lt\/ru\/wp-json\/wp\/v2\/types\/product"}],"replies":[{"embeddable":true,"href":"https:\/\/irankiuzona.lt\/ru\/wp-json\/wp\/v2\/comments?post=250493"}],"version-history":[{"count":1,"href":"https:\/\/irankiuzona.lt\/ru\/wp-json\/wp\/v2\/product\/250493\/revisions"}],"predecessor-version":[{"id":418827,"href":"https:\/\/irankiuzona.lt\/ru\/wp-json\/wp\/v2\/product\/250493\/revisions\/418827"}],"wp:featuredmedia":[{"embeddable":true,"href":"https:\/\/irankiuzona.lt\/ru\/wp-json\/wp\/v2\/media\/250495"}],"wp:attachment":[{"href":"https:\/\/irankiuzona.lt\/ru\/wp-json\/wp\/v2\/media?parent=250493"}],"wp:term":[{"taxonomy":"product_cat","embeddable":true,"href":"https:\/\/irankiuzona.lt\/ru\/wp-json\/wp\/v2\/product_cat?post=250493"},{"taxonomy":"product_tag","embeddable":true,"href":"https:\/\/irankiuzona.lt\/ru\/wp-json\/wp\/v2\/product_tag?post=250493"}],"curies":[{"name":"wp","href":"https:\/\/api.w.org\/{rel}","templated":true}]}}