{"id":250496,"date":"2024-09-29T09:20:46","date_gmt":"2024-09-29T09:20:46","guid":{"rendered":"https:\/\/irankiuzona.lt\/product\/pneumatine-terksle-mini-1-2-68nm-kampine\/"},"modified":"2026-05-16T12:47:40","modified_gmt":"2026-05-16T12:47:40","slug":"pneumatine-terksle-mini-1-2-68nm-kampine","status":"publish","type":"product","link":"https:\/\/irankiuzona.lt\/ru\/product\/pneumatine-terksle-mini-1-2-68nm-kampine\/","title":{"rendered":"Pneumatin\u0117 terk\u0161l\u0117 mini 1\/2&#8242; 68Nm kampin\u0117"},"content":{"rendered":"<p>Specifikacijos<br \/>\nKvadratas- 1\/2 &quot;(12,7 mm)Did\u017eiausias sukimo momentas &#8211; 68 NmLaisvo sukimosi greitis &#8211; 1100 aps.\/minOro s\u0105naudos &#8211; 85 l \/ minDarbinis sl\u0117gis &#8211; 6,3 bar\u012eleidimo sriegis &#8211; 1\/4 &quot;BSPTRekomenduojamas vidinis \u017earnos skersmuo &#8211; 8 mmTriuk\u0161mo lygis &#8211; 89 dBVibracija &#8211; 2,2 m \/ s2Bendras ilgis &#8211; 159 mmSvoris &#8211; 0,67 kg<\/p>","protected":false},"excerpt":{"rendered":"<p>Pneumatinis ver\u017eliasukis mini 1\/2&#8242; 68Nm kampinis Mighty-Seven<\/p>","protected":false},"featured_media":250498,"comment_status":"open","ping_status":"open","template":"","meta":[],"product_cat":[9666],"product_tag":[9875],"class_list":{"0":"post-250496","1":"product","2":"type-product","3":"status-publish","4":"has-post-thumbnail","6":"product_brand-mighty-seven-m7","7":"product_cat-pneumo-rankenos-terksles","8":"product_tag-mighty-seven-m7","10":"first","11":"instock","12":"purchasable","13":"product-type-simple"},"jetpack_sharing_enabled":true,"_links":{"self":[{"href":"https:\/\/irankiuzona.lt\/ru\/wp-json\/wp\/v2\/product\/250496","targetHints":{"allow":["GET"]}}],"collection":[{"href":"https:\/\/irankiuzona.lt\/ru\/wp-json\/wp\/v2\/product"}],"about":[{"href":"https:\/\/irankiuzona.lt\/ru\/wp-json\/wp\/v2\/types\/product"}],"replies":[{"embeddable":true,"href":"https:\/\/irankiuzona.lt\/ru\/wp-json\/wp\/v2\/comments?post=250496"}],"version-history":[{"count":1,"href":"https:\/\/irankiuzona.lt\/ru\/wp-json\/wp\/v2\/product\/250496\/revisions"}],"predecessor-version":[{"id":418828,"href":"https:\/\/irankiuzona.lt\/ru\/wp-json\/wp\/v2\/product\/250496\/revisions\/418828"}],"wp:featuredmedia":[{"embeddable":true,"href":"https:\/\/irankiuzona.lt\/ru\/wp-json\/wp\/v2\/media\/250498"}],"wp:attachment":[{"href":"https:\/\/irankiuzona.lt\/ru\/wp-json\/wp\/v2\/media?parent=250496"}],"wp:term":[{"taxonomy":"product_cat","embeddable":true,"href":"https:\/\/irankiuzona.lt\/ru\/wp-json\/wp\/v2\/product_cat?post=250496"},{"taxonomy":"product_tag","embeddable":true,"href":"https:\/\/irankiuzona.lt\/ru\/wp-json\/wp\/v2\/product_tag?post=250496"}],"curies":[{"name":"wp","href":"https:\/\/api.w.org\/{rel}","templated":true}]}}